{"id":4946,"date":"2022-03-15T09:44:43","date_gmt":"2022-03-15T09:44:43","guid":{"rendered":"https:\/\/www.eme.de\/gemengeanlagen\/"},"modified":"2024-08-06T08:22:38","modified_gmt":"2024-08-06T08:22:38","slug":"gemengeanlagen","status":"publish","type":"page","link":"https:\/\/www.eme.de\/de\/gemengeanlagen\/","title":{"rendered":"Gemengeanlagen"},"content":{"rendered":"\r\n<section id=\"image-hero-with-content-block_3d5f6b17007a411d368db094b789c2dd\" class=\"image-hero-with-content\">\r\n\r\n    <div class=\"image-hero-with-content-image-container\" style=\" background: linear-gradient(90deg, rgba(0,0,0,0.5) 0%, rgba(255,255,255,0) 75%), url('https:\/\/www.eme.de\/wp-content\/uploads\/2022\/03\/batch-plants-new.jpg'),   no-repeat; background-position:  !important;\" data-aos=\"fade-down\">\r\n\r\n        <div class=\"main-container\">\r\n            <div class=\"container-fluid\">\r\n                <div class=\"row full-width-image-info-light-text image-hero-with-content-text\">\r\n                    <div class=\"col-lg-8 col-xl-6 image-hero-with-content-text-container  \">\r\n                        <div class=\"image-hero-with-content-inner\">\r\n                            <h5><\/h5>\r\n                            <h1 class=\"image-hero-with-content-title\" class=\"\">Gemengeanlagen<\/h1>\r\n                                                                                <\/div>\r\n                    <\/div>\r\n\r\n                    <div class=\"col-lg-4 d-none d-lg-block\">\r\n\r\n                    <\/div>\r\n                <\/div>\r\n            <\/div>\r\n        <\/div>\r\n\r\n\r\n    <\/div>\r\n\r\n\r\n\r\n    <!-- <span style=\"display: flex;\">\r\n        <img decoding=\"async\" src=\"https:\/\/www.eme.de\/wp-content\/themes\/armstrong\/img\/angled_line_left_end.svg\" alt=\"\" v>\r\n        <hr style=\"flex-grow: 1; margin: 0;\">\r\n    <\/span> -->\r\n<\/section>\r\n\n\n\r\n<section id=\"product-introblock_16f621d96906f119b9271f5ceb45fa7d\" class=\"product-intro\">\r\n\r\n\r\n    <div class=\"main-container\">\r\n        <div class=\"container-fluid\">\r\n\r\n\r\n            <div class=\"row\">\r\n                <div class=\"col-lg-12\" data-aos=\"fade-right\">\r\n                    <h2><\/h2>\r\n                <\/div>\r\n            <\/div>\r\n\r\n            <div class=\"row  product-intro-details\" data-aos=\"fade-right\">\r\n                <div class=\"col-lg-6\">\r\n                    <h4 class=\"product-description\">EME bietet ma\u00dfgeschneiderte und effiziente L\u00f6sungen f\u00fcr jede Art von Glas an &#8211; von Flachglas \u00fcber Hohlglas und Faserglas bis hin zu Haushaltsglas. Ein qualitativ hochwertiges Endprodukt erfordert ein akribisch genaues Design sowie Pr\u00e4zisionstechnik hinsichtlich der Rohstoffe, Lieferung, Lagerung, Dosierung und Mischung. Was uns wirklich auszeichnet ist unser Fachwissen \u00fcber das Verhalten von Rohstoffen, kombiniert mit der herausragenden Kompetenz bei der Automatisierung.<\/h4>\r\n                <\/div>\r\n                <div class=\"col-lg-1\">\r\n                <\/div>\r\n                <div class=\"col-lg-5\">\r\n\r\n                    \r\n                <\/div>\r\n            <\/div>\r\n        <\/div>\r\n    <\/div>\r\n\r\n\r\n<\/section>\n\n<section id=\"product-link-listblock_50515459f676e83ac7b5563a499bec05\" class=\"product-link-list\">\r\n    <div class=\"main-container\">\r\n        <div class=\"container-fluid\">\r\n            <div class=\"row\">\r\n                \r\n\r\n\r\n                        <div class=\"col-lg-4 all-news-small-container\" data-aos=\"fade-up\">\r\n                            <a href=\"  https:\/\/www.eme.de\/de\/batch_plant\/gesamtanlage\/  \" class=\"all-news-small\" style=\"letter-spacing: unset !important;\">\r\n                                <div class=\"all-news-image-small \" style=\"background: url('  https:\/\/www.eme.de\/wp-content\/uploads\/2022\/03\/Complete-system-1-new-1024x683.jpg  ') no-repeat;\">\r\n                                <\/div>\r\n                                <div class=\"all-news-small-details product-link-list-grid-item\">\r\n                                    <div>\r\n                                        <h4 style=\"flex-grow: 1\" class=\"latest-news-title\"> GESAMTANLAGEN<\/h4>\r\n                                        <p>Egal ob Turm- oder Reihenanlage, wir entwickeln ein optimales Konzept, das eine \u00e4u\u00dferst zuverl\u00e4ssige Installation bei bestm\u00f6glicher Qualit\u00e4t, Sicherheit und vollst\u00e4ndigem Umweltschutz gew\u00e4hrleistet.<\/p>\r\n                                    <\/div>\r\n\r\n                                    <span class=\"arrow-link\">\r\n                                        <p class=\"product-find-out-more\">Erfahren Sie mehr <svg style=\"margin-bottom: -2px;\" xmlns=\"http:\/\/www.w3.org\/2000\/svg\" xmlns:xlink=\"http:\/\/www.w3.org\/1999\/xlink\" width=\"6.185\" height=\"11.638\" viewBox=\"0 0 6.185 11.638\">\r\n                                                <defs>\r\n                                                    <clipPath id=\"clip-path\">\r\n                                                        <rect id=\"Rectangle_129\" data-name=\"Rectangle 129\" width=\"11.638\" height=\"6.185\" transform=\"translate(0 0)\" fill=\"#00070a\" \/>\r\n                                                    <\/clipPath>\r\n                                                <\/defs>\r\n                                                <g id=\"Group_93\" data-name=\"Group 93\" transform=\"translate(0 11.638) rotate(-90)\">\r\n                                                    <g id=\"Group_43\" data-name=\"Group 43\" transform=\"translate(0 0)\" clip-path=\"url(#clip-path)\">\r\n                                                        <path id=\"Path_123\" data-name=\"Path 123\" d=\"M5.819,6.185a.365.365,0,0,1-.259-.107L.107.625A.366.366,0,0,1,.625.107L5.819,5.3,11.013.107a.366.366,0,0,1,.518.518L6.078,6.078a.365.365,0,0,1-.259.107\" transform=\"translate(0 0)\" fill=\"currentColor\" \/>\r\n                                            <\/svg> <\/p>\r\n                                    <\/span>\r\n\r\n                                <\/div>\r\n                            <\/a>\r\n                        <\/div>\r\n\r\n                    \r\n\r\n\r\n                        <div class=\"col-lg-4 all-news-small-container\" data-aos=\"fade-up\">\r\n                            <a href=\"  https:\/\/www.eme.de\/de\/batch_plant\/anlieferung-von-gemenge-und-scherben\/  \" class=\"all-news-small\" style=\"letter-spacing: unset !important;\">\r\n                                <div class=\"all-news-image-small \" style=\"background: url('  https:\/\/www.eme.de\/wp-content\/uploads\/2022\/03\/BATCH-MATERIALS-AND-CULLET-DELIVERY-1-new-1024x683.jpg  ') no-repeat;\">\r\n                                <\/div>\r\n                                <div class=\"all-news-small-details product-link-list-grid-item\">\r\n                                    <div>\r\n                                        <h4 style=\"flex-grow: 1\" class=\"latest-news-title\"> ANLIEFERUNG VON GEMENGE UND SCHERBEN<\/h4>\r\n                                        <p>Rohstoffe werden auf unterschiedlichen Wegen angeliefert. Kleinkomponenten werden in S\u00e4cken, trockene Komponenten per Tankfahrzeug (Stra\u00dfe oder Schiene) und feuchte Materialien per LKW angeliefert. <\/p>\r\n                                    <\/div>\r\n\r\n                                    <span class=\"arrow-link\">\r\n                                        <p class=\"product-find-out-more\">Erfahren Sie mehr <svg style=\"margin-bottom: -2px;\" xmlns=\"http:\/\/www.w3.org\/2000\/svg\" xmlns:xlink=\"http:\/\/www.w3.org\/1999\/xlink\" width=\"6.185\" height=\"11.638\" viewBox=\"0 0 6.185 11.638\">\r\n                                                <defs>\r\n                                                    <clipPath id=\"clip-path\">\r\n                                                        <rect id=\"Rectangle_129\" data-name=\"Rectangle 129\" width=\"11.638\" height=\"6.185\" transform=\"translate(0 0)\" fill=\"#00070a\" \/>\r\n                                                    <\/clipPath>\r\n                                                <\/defs>\r\n                                                <g id=\"Group_93\" data-name=\"Group 93\" transform=\"translate(0 11.638) rotate(-90)\">\r\n                                                    <g id=\"Group_43\" data-name=\"Group 43\" transform=\"translate(0 0)\" clip-path=\"url(#clip-path)\">\r\n                                                        <path id=\"Path_123\" data-name=\"Path 123\" d=\"M5.819,6.185a.365.365,0,0,1-.259-.107L.107.625A.366.366,0,0,1,.625.107L5.819,5.3,11.013.107a.366.366,0,0,1,.518.518L6.078,6.078a.365.365,0,0,1-.259.107\" transform=\"translate(0 0)\" fill=\"currentColor\" \/>\r\n                                            <\/svg> <\/p>\r\n                                    <\/span>\r\n\r\n                                <\/div>\r\n                            <\/a>\r\n                        <\/div>\r\n\r\n                    \r\n\r\n\r\n                        <div class=\"col-lg-4 all-news-small-container\" data-aos=\"fade-up\">\r\n                            <a href=\"  https:\/\/www.eme.de\/de\/batch_plant\/gemenge-und-scherbenbevorratung\/  \" class=\"all-news-small\" style=\"letter-spacing: unset !important;\">\r\n                                <div class=\"all-news-image-small \" style=\"background: url('  https:\/\/www.eme.de\/wp-content\/uploads\/2022\/03\/BATCH-MATERIALS-AND-CULLET-STORAGE-1-new-1024x683.jpg  ') no-repeat;\">\r\n                                <\/div>\r\n                                <div class=\"all-news-small-details product-link-list-grid-item\">\r\n                                    <div>\r\n                                        <h4 style=\"flex-grow: 1\" class=\"latest-news-title\"> GEMENGE- UND SCHERBENBEVORRATUNG<\/h4>\r\n                                        <p>Die meisten Materialien werden entweder in Stahl- oder Betonsilos gelagert. Die spezielle Geometrie und ausgekl\u00fcgelte Entleervorrichtungen sorgen f\u00fcr einen gleichm\u00e4\u00dfigen und kontinuierlichen Materialfluss im Silo und verhindern die Bildung von Anbackungen von Rohstoffen.<\/p>\r\n                                    <\/div>\r\n\r\n                                    <span class=\"arrow-link\">\r\n                                        <p class=\"product-find-out-more\">Erfahren Sie mehr <svg style=\"margin-bottom: -2px;\" xmlns=\"http:\/\/www.w3.org\/2000\/svg\" xmlns:xlink=\"http:\/\/www.w3.org\/1999\/xlink\" width=\"6.185\" height=\"11.638\" viewBox=\"0 0 6.185 11.638\">\r\n                                                <defs>\r\n                                                    <clipPath id=\"clip-path\">\r\n                                                        <rect id=\"Rectangle_129\" data-name=\"Rectangle 129\" width=\"11.638\" height=\"6.185\" transform=\"translate(0 0)\" fill=\"#00070a\" \/>\r\n                                                    <\/clipPath>\r\n                                                <\/defs>\r\n                                                <g id=\"Group_93\" data-name=\"Group 93\" transform=\"translate(0 11.638) rotate(-90)\">\r\n                                                    <g id=\"Group_43\" data-name=\"Group 43\" transform=\"translate(0 0)\" clip-path=\"url(#clip-path)\">\r\n                                                        <path id=\"Path_123\" data-name=\"Path 123\" d=\"M5.819,6.185a.365.365,0,0,1-.259-.107L.107.625A.366.366,0,0,1,.625.107L5.819,5.3,11.013.107a.366.366,0,0,1,.518.518L6.078,6.078a.365.365,0,0,1-.259.107\" transform=\"translate(0 0)\" fill=\"currentColor\" \/>\r\n                                            <\/svg> <\/p>\r\n                                    <\/span>\r\n\r\n                                <\/div>\r\n                            <\/a>\r\n                        <\/div>\r\n\r\n                    \r\n\r\n\r\n                        <div class=\"col-lg-4 all-news-small-container\" data-aos=\"fade-up\">\r\n                            <a href=\"  https:\/\/www.eme.de\/de\/batch_plant\/dosieren-wiegen-und-mischen\/  \" class=\"all-news-small\" style=\"letter-spacing: unset !important;\">\r\n                                <div class=\"all-news-image-small \" style=\"background: url('  https:\/\/www.eme.de\/wp-content\/uploads\/2022\/03\/DOSING-WEIGHING-AND-MIXING-1-new-1024x683.jpg  ') no-repeat;\">\r\n                                <\/div>\r\n                                <div class=\"all-news-small-details product-link-list-grid-item\">\r\n                                    <div>\r\n                                        <h4 style=\"flex-grow: 1\" class=\"latest-news-title\"> DOSIEREN, WIEGEN UND MISCHEN<\/h4>\r\n                                        <p> Die Pr\u00e4zision, mit der die Rohstoffe in die W\u00e4gebeh\u00e4lter gef\u00fcllt werden, ist ma\u00dfgeblich f\u00fcr die Genauigkeit des Wiegens selbst sowie f\u00fcr die Einhaltung der im Gemengesatz angegebenen Toleranzen verantwortlich. <\/p>\r\n                                    <\/div>\r\n\r\n                                    <span class=\"arrow-link\">\r\n                                        <p class=\"product-find-out-more\">Erfahren Sie mehr <svg style=\"margin-bottom: -2px;\" xmlns=\"http:\/\/www.w3.org\/2000\/svg\" xmlns:xlink=\"http:\/\/www.w3.org\/1999\/xlink\" width=\"6.185\" height=\"11.638\" viewBox=\"0 0 6.185 11.638\">\r\n                                                <defs>\r\n                                                    <clipPath id=\"clip-path\">\r\n                                                        <rect id=\"Rectangle_129\" data-name=\"Rectangle 129\" width=\"11.638\" height=\"6.185\" transform=\"translate(0 0)\" fill=\"#00070a\" \/>\r\n                                                    <\/clipPath>\r\n                                                <\/defs>\r\n                                                <g id=\"Group_93\" data-name=\"Group 93\" transform=\"translate(0 11.638) rotate(-90)\">\r\n                                                    <g id=\"Group_43\" data-name=\"Group 43\" transform=\"translate(0 0)\" clip-path=\"url(#clip-path)\">\r\n                                                        <path id=\"Path_123\" data-name=\"Path 123\" d=\"M5.819,6.185a.365.365,0,0,1-.259-.107L.107.625A.366.366,0,0,1,.625.107L5.819,5.3,11.013.107a.366.366,0,0,1,.518.518L6.078,6.078a.365.365,0,0,1-.259.107\" transform=\"translate(0 0)\" fill=\"currentColor\" \/>\r\n                                            <\/svg> <\/p>\r\n                                    <\/span>\r\n\r\n                                <\/div>\r\n                            <\/a>\r\n                        <\/div>\r\n\r\n                    \r\n\r\n\r\n                        <div class=\"col-lg-4 all-news-small-container\" data-aos=\"fade-up\">\r\n                            <a href=\"  https:\/\/www.eme.de\/de\/batch_plant\/gemengetransport\/  \" class=\"all-news-small\" style=\"letter-spacing: unset !important;\">\r\n                                <div class=\"all-news-image-small \" style=\"background: url('  https:\/\/www.eme.de\/wp-content\/uploads\/2022\/03\/BATCH-TRANSPORT-1-new-1024x683.jpg  ') no-repeat;\">\r\n                                <\/div>\r\n                                <div class=\"all-news-small-details product-link-list-grid-item\">\r\n                                    <div>\r\n                                        <h4 style=\"flex-grow: 1\" class=\"latest-news-title\"> GEMENGETRANSPORT<\/h4>\r\n                                        <p>F\u00fcr den Rohstoff- oder Gemengetransport werden \u00fcblicherweise Becherwerke, F\u00f6rderb\u00e4nder oder Rutschen eingesetzt. Alle Transportsysteme sind so konzipiert, dass eine Entmischung minimiert wird.<\/p>\r\n                                    <\/div>\r\n\r\n                                    <span class=\"arrow-link\">\r\n                                        <p class=\"product-find-out-more\">Erfahren Sie mehr <svg style=\"margin-bottom: -2px;\" xmlns=\"http:\/\/www.w3.org\/2000\/svg\" xmlns:xlink=\"http:\/\/www.w3.org\/1999\/xlink\" width=\"6.185\" height=\"11.638\" viewBox=\"0 0 6.185 11.638\">\r\n                                                <defs>\r\n                                                    <clipPath id=\"clip-path\">\r\n                                                        <rect id=\"Rectangle_129\" data-name=\"Rectangle 129\" width=\"11.638\" height=\"6.185\" transform=\"translate(0 0)\" fill=\"#00070a\" \/>\r\n                                                    <\/clipPath>\r\n                                                <\/defs>\r\n                                                <g id=\"Group_93\" data-name=\"Group 93\" transform=\"translate(0 11.638) rotate(-90)\">\r\n                                                    <g id=\"Group_43\" data-name=\"Group 43\" transform=\"translate(0 0)\" clip-path=\"url(#clip-path)\">\r\n                                                        <path id=\"Path_123\" data-name=\"Path 123\" d=\"M5.819,6.185a.365.365,0,0,1-.259-.107L.107.625A.366.366,0,0,1,.625.107L5.819,5.3,11.013.107a.366.366,0,0,1,.518.518L6.078,6.078a.365.365,0,0,1-.259.107\" transform=\"translate(0 0)\" fill=\"currentColor\" \/>\r\n                                            <\/svg> <\/p>\r\n                                    <\/span>\r\n\r\n                                <\/div>\r\n                            <\/a>\r\n                        <\/div>\r\n\r\n                                                                    <\/div>\r\n        <\/div>\r\n    <\/div>\r\n<\/section>\r\n","protected":false},"excerpt":{"rendered":"","protected":false},"author":1,"featured_media":0,"parent":0,"menu_order":4,"comment_status":"closed","ping_status":"closed","template":"","meta":{"_acf_changed":false,"footnotes":""},"class_list":["post-4946","page","type-page","status-publish","hentry"],"acf":[],"yoast_head":"<!-- This site is optimized with the Yoast SEO plugin v27.3 - https:\/\/yoast.com\/product\/yoast-seo-wordpress\/ -->\n<title>Gemengeanlagen - EME<\/title>\n<meta name=\"description\" content=\"EME bietet ma\u00dfgeschneiderte und effiziente L\u00f6sungen f\u00fcr jede Art von Glas, f\u00fcr ein qualitativ sehr hochwertiges Endprodukt.\" \/>\n<meta name=\"robots\" content=\"index, follow, max-snippet:-1, max-image-preview:large, max-video-preview:-1\" \/>\n<link rel=\"canonical\" href=\"https:\/\/www.eme.de\/de\/gemengeanlagen\/\" \/>\n<meta property=\"og:locale\" content=\"de_DE\" \/>\n<meta property=\"og:type\" content=\"article\" \/>\n<meta property=\"og:title\" content=\"Gemengeanlagen - EME\" \/>\n<meta property=\"og:description\" content=\"EME bietet ma\u00dfgeschneiderte und effiziente L\u00f6sungen f\u00fcr jede Art von Glas, f\u00fcr ein qualitativ sehr hochwertiges Endprodukt.\" \/>\n<meta property=\"og:url\" content=\"https:\/\/www.eme.de\/de\/gemengeanlagen\/\" \/>\n<meta property=\"og:site_name\" content=\"EME\" \/>\n<meta property=\"article:modified_time\" content=\"2024-08-06T08:22:38+00:00\" \/>\n<meta name=\"twitter:card\" content=\"summary_large_image\" \/>\n<script type=\"application\/ld+json\" class=\"yoast-schema-graph\">{\"@context\":\"https:\\\/\\\/schema.org\",\"@graph\":[{\"@type\":\"WebPage\",\"@id\":\"https:\\\/\\\/www.eme.de\\\/de\\\/gemengeanlagen\\\/\",\"url\":\"https:\\\/\\\/www.eme.de\\\/de\\\/gemengeanlagen\\\/\",\"name\":\"Gemengeanlagen - EME\",\"isPartOf\":{\"@id\":\"https:\\\/\\\/www.eme.de\\\/de\\\/#website\"},\"datePublished\":\"2022-03-15T09:44:43+00:00\",\"dateModified\":\"2024-08-06T08:22:38+00:00\",\"description\":\"EME bietet ma\u00dfgeschneiderte und effiziente L\u00f6sungen f\u00fcr jede Art von Glas, f\u00fcr ein qualitativ sehr hochwertiges Endprodukt.\",\"breadcrumb\":{\"@id\":\"https:\\\/\\\/www.eme.de\\\/de\\\/gemengeanlagen\\\/#breadcrumb\"},\"inLanguage\":\"de\",\"potentialAction\":[{\"@type\":\"ReadAction\",\"target\":[\"https:\\\/\\\/www.eme.de\\\/de\\\/gemengeanlagen\\\/\"]}]},{\"@type\":\"BreadcrumbList\",\"@id\":\"https:\\\/\\\/www.eme.de\\\/de\\\/gemengeanlagen\\\/#breadcrumb\",\"itemListElement\":[{\"@type\":\"ListItem\",\"position\":1,\"name\":\"Home\",\"item\":\"https:\\\/\\\/www.eme.de\\\/de\\\/\"},{\"@type\":\"ListItem\",\"position\":2,\"name\":\"Gemengeanlagen\"}]},{\"@type\":\"WebSite\",\"@id\":\"https:\\\/\\\/www.eme.de\\\/de\\\/#website\",\"url\":\"https:\\\/\\\/www.eme.de\\\/de\\\/\",\"name\":\"EME\",\"description\":\"\",\"potentialAction\":[{\"@type\":\"SearchAction\",\"target\":{\"@type\":\"EntryPoint\",\"urlTemplate\":\"https:\\\/\\\/www.eme.de\\\/de\\\/?s={search_term_string}\"},\"query-input\":{\"@type\":\"PropertyValueSpecification\",\"valueRequired\":true,\"valueName\":\"search_term_string\"}}],\"inLanguage\":\"de\"}]}<\/script>\n<!-- \/ Yoast SEO plugin. -->","yoast_head_json":{"title":"Gemengeanlagen - EME","description":"EME bietet ma\u00dfgeschneiderte und effiziente L\u00f6sungen f\u00fcr jede Art von Glas, f\u00fcr ein qualitativ sehr hochwertiges Endprodukt.","robots":{"index":"index","follow":"follow","max-snippet":"max-snippet:-1","max-image-preview":"max-image-preview:large","max-video-preview":"max-video-preview:-1"},"canonical":"https:\/\/www.eme.de\/de\/gemengeanlagen\/","og_locale":"de_DE","og_type":"article","og_title":"Gemengeanlagen - EME","og_description":"EME bietet ma\u00dfgeschneiderte und effiziente L\u00f6sungen f\u00fcr jede Art von Glas, f\u00fcr ein qualitativ sehr hochwertiges Endprodukt.","og_url":"https:\/\/www.eme.de\/de\/gemengeanlagen\/","og_site_name":"EME","article_modified_time":"2024-08-06T08:22:38+00:00","twitter_card":"summary_large_image","schema":{"@context":"https:\/\/schema.org","@graph":[{"@type":"WebPage","@id":"https:\/\/www.eme.de\/de\/gemengeanlagen\/","url":"https:\/\/www.eme.de\/de\/gemengeanlagen\/","name":"Gemengeanlagen - EME","isPartOf":{"@id":"https:\/\/www.eme.de\/de\/#website"},"datePublished":"2022-03-15T09:44:43+00:00","dateModified":"2024-08-06T08:22:38+00:00","description":"EME bietet ma\u00dfgeschneiderte und effiziente L\u00f6sungen f\u00fcr jede Art von Glas, f\u00fcr ein qualitativ sehr hochwertiges Endprodukt.","breadcrumb":{"@id":"https:\/\/www.eme.de\/de\/gemengeanlagen\/#breadcrumb"},"inLanguage":"de","potentialAction":[{"@type":"ReadAction","target":["https:\/\/www.eme.de\/de\/gemengeanlagen\/"]}]},{"@type":"BreadcrumbList","@id":"https:\/\/www.eme.de\/de\/gemengeanlagen\/#breadcrumb","itemListElement":[{"@type":"ListItem","position":1,"name":"Home","item":"https:\/\/www.eme.de\/de\/"},{"@type":"ListItem","position":2,"name":"Gemengeanlagen"}]},{"@type":"WebSite","@id":"https:\/\/www.eme.de\/de\/#website","url":"https:\/\/www.eme.de\/de\/","name":"EME","description":"","potentialAction":[{"@type":"SearchAction","target":{"@type":"EntryPoint","urlTemplate":"https:\/\/www.eme.de\/de\/?s={search_term_string}"},"query-input":{"@type":"PropertyValueSpecification","valueRequired":true,"valueName":"search_term_string"}}],"inLanguage":"de"}]}},"_links":{"self":[{"href":"https:\/\/www.eme.de\/de\/wp-json\/wp\/v2\/pages\/4946","targetHints":{"allow":["GET"]}}],"collection":[{"href":"https:\/\/www.eme.de\/de\/wp-json\/wp\/v2\/pages"}],"about":[{"href":"https:\/\/www.eme.de\/de\/wp-json\/wp\/v2\/types\/page"}],"author":[{"embeddable":true,"href":"https:\/\/www.eme.de\/de\/wp-json\/wp\/v2\/users\/1"}],"replies":[{"embeddable":true,"href":"https:\/\/www.eme.de\/de\/wp-json\/wp\/v2\/comments?post=4946"}],"version-history":[{"count":7,"href":"https:\/\/www.eme.de\/de\/wp-json\/wp\/v2\/pages\/4946\/revisions"}],"predecessor-version":[{"id":5489,"href":"https:\/\/www.eme.de\/de\/wp-json\/wp\/v2\/pages\/4946\/revisions\/5489"}],"wp:attachment":[{"href":"https:\/\/www.eme.de\/de\/wp-json\/wp\/v2\/media?parent=4946"}],"curies":[{"name":"wp","href":"https:\/\/api.w.org\/{rel}","templated":true}]}}