{"id":4948,"date":"2022-03-15T09:40:25","date_gmt":"2022-03-15T09:40:25","guid":{"rendered":"https:\/\/www.eme.de\/scherbenaufbereitung\/"},"modified":"2023-02-15T09:38:10","modified_gmt":"2023-02-15T09:38:10","slug":"scherbenaufbereitung","status":"publish","type":"page","link":"https:\/\/www.eme.de\/de\/scherbenaufbereitung\/","title":{"rendered":"SCHERBENAUFBEREITUNG"},"content":{"rendered":"\r\n<section id=\"image-hero-with-content-block_f60ffbe5862bfb185035e3525cd8e337\" class=\"image-hero-with-content\">\r\n\r\n    <div class=\"image-hero-with-content-image-container\" style=\" background: linear-gradient(90deg, rgba(0,0,0,0.5) 0%, rgba(255,255,255,0) 75%), url('https:\/\/www.eme.de\/wp-content\/uploads\/2022\/03\/cullet-handling-new.jpg'),   no-repeat; background-position: center !important;\" data-aos=\"fade-down\">\r\n\r\n        <div class=\"main-container\">\r\n            <div class=\"container-fluid\">\r\n                <div class=\"row full-width-image-info-light-text image-hero-with-content-text\">\r\n                    <div class=\"col-lg-8 col-xl-6 image-hero-with-content-text-container  \">\r\n                        <div class=\"image-hero-with-content-inner\">\r\n                            <h5><\/h5>\r\n                            <h1 class=\"image-hero-with-content-title\" class=\"\">SCHERBEN\u00adAUFBEREITUNG<\/h1>\r\n                            <p>Die Scherbenaufbereitungssysteme von EME sind so konzipiert, dass die Sicherheit erh\u00f6ht, Abfall reduziert und die Produktivit\u00e4t gesteigert wird. Dank unserer L\u00f6sungen k\u00f6nnen Anlagen mit nur minimalem menschlichem Eingreifen und geringem Wartungsaufwand betrieben werden &#8211; eine ausgezeichnete Investitionsentscheidung f\u00fcr jeden Glashersteller.<\/p>\n                                                    <\/div>\r\n                    <\/div>\r\n\r\n                    <div class=\"col-lg-4 d-none d-lg-block\">\r\n\r\n                    <\/div>\r\n                <\/div>\r\n            <\/div>\r\n        <\/div>\r\n\r\n\r\n    <\/div>\r\n\r\n\r\n\r\n    <!-- <span style=\"display: flex;\">\r\n        <img decoding=\"async\" src=\"https:\/\/www.eme.de\/wp-content\/themes\/armstrong\/img\/angled_line_left_end.svg\" alt=\"\" v>\r\n        <hr style=\"flex-grow: 1; margin: 0;\">\r\n    <\/span> -->\r\n<\/section>\r\n\r\n<section id=\"product-introblock_e56641ab53bccea9d1913560ab1f3afa\" class=\"product-intro\">\r\n\r\n\r\n    <div class=\"main-container\">\r\n        <div class=\"container-fluid\">\r\n\r\n\r\n            <div class=\"row\">\r\n                <div class=\"col-lg-12\" data-aos=\"fade-right\">\r\n                    <h2><\/h2>\r\n                <\/div>\r\n            <\/div>\r\n\r\n            <div class=\"row  product-intro-details\" data-aos=\"fade-right\">\r\n                <div class=\"col-lg-6\">\r\n                    <h4 class=\"product-description\"><\/h4>\r\n                <\/div>\r\n                <div class=\"col-lg-1\">\r\n                <\/div>\r\n                <div class=\"col-lg-5\">\r\n\r\n                    \r\n                <\/div>\r\n            <\/div>\r\n        <\/div>\r\n    <\/div>\r\n\r\n\r\n<\/section><section id=\"product-link-listblock_842c36ff1c4fff4eb9b82abc530cbafb\" class=\"product-link-list\">\r\n    <div class=\"main-container\">\r\n        <div class=\"container-fluid\">\r\n            <div class=\"row\">\r\n                \r\n\r\n\r\n                        <div class=\"col-lg-4 all-news-small-container\" data-aos=\"fade-up\">\r\n                            <a href=\"  https:\/\/www.eme.de\/de\/cullet_handling\/brecher-fuer-hohlglas\/  \" class=\"all-news-small\" style=\"letter-spacing: unset !important;\">\r\n                                <div class=\"all-news-image-small \" style=\"background: url('  https:\/\/www.eme.de\/wp-content\/uploads\/2022\/03\/CRUSHER-FOR-CONTAINER-GLASS-3-new-1024x683.jpg  ') no-repeat;\">\r\n                                <\/div>\r\n                                <div class=\"all-news-small-details product-link-list-grid-item\">\r\n                                    <div>\r\n                                        <h4 style=\"flex-grow: 1\" class=\"latest-news-title\"> BRECHER F\u00dcR HOHLGLAS<\/h4>\r\n                                        <p>EME bietet speziell entwickelte Brecher an: Hammerprallbrecher, Zweiwalzenbrecher und Sekund\u00e4rbrecher. <\/p>\r\n                                    <\/div>\r\n\r\n                                    <span class=\"arrow-link\">\r\n                                        <p class=\"product-find-out-more\">Erfahren Sie mehr <svg style=\"margin-bottom: -2px;\" xmlns=\"http:\/\/www.w3.org\/2000\/svg\" xmlns:xlink=\"http:\/\/www.w3.org\/1999\/xlink\" width=\"6.185\" height=\"11.638\" viewBox=\"0 0 6.185 11.638\">\r\n                                                <defs>\r\n                                                    <clipPath id=\"clip-path\">\r\n                                                        <rect id=\"Rectangle_129\" data-name=\"Rectangle 129\" width=\"11.638\" height=\"6.185\" transform=\"translate(0 0)\" fill=\"#00070a\" \/>\r\n                                                    <\/clipPath>\r\n                                                <\/defs>\r\n                                                <g id=\"Group_93\" data-name=\"Group 93\" transform=\"translate(0 11.638) rotate(-90)\">\r\n                                                    <g id=\"Group_43\" data-name=\"Group 43\" transform=\"translate(0 0)\" clip-path=\"url(#clip-path)\">\r\n                                                        <path id=\"Path_123\" data-name=\"Path 123\" d=\"M5.819,6.185a.365.365,0,0,1-.259-.107L.107.625A.366.366,0,0,1,.625.107L5.819,5.3,11.013.107a.366.366,0,0,1,.518.518L6.078,6.078a.365.365,0,0,1-.259.107\" transform=\"translate(0 0)\" fill=\"currentColor\" \/>\r\n                                            <\/svg> <\/p>\r\n                                    <\/span>\r\n\r\n                                <\/div>\r\n                            <\/a>\r\n                        <\/div>\r\n\r\n                    \r\n\r\n\r\n                        <div class=\"col-lg-4 all-news-small-container\" data-aos=\"fade-up\">\r\n                            <a href=\"  https:\/\/www.eme.de\/de\/cullet_handling\/brecher-fuer-flachglas\/  \" class=\"all-news-small\" style=\"letter-spacing: unset !important;\">\r\n                                <div class=\"all-news-image-small \" style=\"background: url('  https:\/\/www.eme.de\/wp-content\/uploads\/2022\/03\/CRUSHER-FOR-FLAT-GLASS-6-new-1024x683.jpg  ') no-repeat;\">\r\n                                <\/div>\r\n                                <div class=\"all-news-small-details product-link-list-grid-item\">\r\n                                    <div>\r\n                                        <h4 style=\"flex-grow: 1\" class=\"latest-news-title\"> BRECHER F\u00dcR FLACHGLAS<\/h4>\r\n                                        <p>EME bietet speziell entwickelte Brecher f\u00fcr Flachglas an: Blattbrecher, Sekund\u00e4rbrecher, Bortenbrecher, Endblattbrecher, Flachglasbrecher, Hammerprallbrecher und Haspelbrecher. <\/p>\r\n                                    <\/div>\r\n\r\n                                    <span class=\"arrow-link\">\r\n                                        <p class=\"product-find-out-more\">Erfahren Sie mehr <svg style=\"margin-bottom: -2px;\" xmlns=\"http:\/\/www.w3.org\/2000\/svg\" xmlns:xlink=\"http:\/\/www.w3.org\/1999\/xlink\" width=\"6.185\" height=\"11.638\" viewBox=\"0 0 6.185 11.638\">\r\n                                                <defs>\r\n                                                    <clipPath id=\"clip-path\">\r\n                                                        <rect id=\"Rectangle_129\" data-name=\"Rectangle 129\" width=\"11.638\" height=\"6.185\" transform=\"translate(0 0)\" fill=\"#00070a\" \/>\r\n                                                    <\/clipPath>\r\n                                                <\/defs>\r\n                                                <g id=\"Group_93\" data-name=\"Group 93\" transform=\"translate(0 11.638) rotate(-90)\">\r\n                                                    <g id=\"Group_43\" data-name=\"Group 43\" transform=\"translate(0 0)\" clip-path=\"url(#clip-path)\">\r\n                                                        <path id=\"Path_123\" data-name=\"Path 123\" d=\"M5.819,6.185a.365.365,0,0,1-.259-.107L.107.625A.366.366,0,0,1,.625.107L5.819,5.3,11.013.107a.366.366,0,0,1,.518.518L6.078,6.078a.365.365,0,0,1-.259.107\" transform=\"translate(0 0)\" fill=\"currentColor\" \/>\r\n                                            <\/svg> <\/p>\r\n                                    <\/span>\r\n\r\n                                <\/div>\r\n                            <\/a>\r\n                        <\/div>\r\n\r\n                    \r\n\r\n\r\n                        <div class=\"col-lg-4 all-news-small-container\" data-aos=\"fade-up\">\r\n                            <a href=\"  https:\/\/www.eme.de\/de\/cullet_handling\/kratzerfoerderer\/  \" class=\"all-news-small\" style=\"letter-spacing: unset !important;\">\r\n                                <div class=\"all-news-image-small \" style=\"background: url('  https:\/\/www.eme.de\/wp-content\/uploads\/2022\/03\/SCRAPER-CONVEYOR-1-new-1024x683.jpg  ') no-repeat;\">\r\n                                <\/div>\r\n                                <div class=\"all-news-small-details product-link-list-grid-item\">\r\n                                    <div>\r\n                                        <h4 style=\"flex-grow: 1\" class=\"latest-news-title\"> KRATZERF\u00d6RDERER<\/h4>\r\n                                        <p>Kratzerf\u00f6rderer sind die beste M\u00f6glichkeit, bei einer Produktionsst\u00f6rung die hei\u00dfen Tropfen  zu recyceln. Die Tropfen fallen in den Wassertank des F\u00f6rderers und zerbrechen aufgrund des Temperaturschocks in St\u00fccke. <\/p>\r\n                                    <\/div>\r\n\r\n                                    <span class=\"arrow-link\">\r\n                                        <p class=\"product-find-out-more\">Erfahren Sie mehr <svg style=\"margin-bottom: -2px;\" xmlns=\"http:\/\/www.w3.org\/2000\/svg\" xmlns:xlink=\"http:\/\/www.w3.org\/1999\/xlink\" width=\"6.185\" height=\"11.638\" viewBox=\"0 0 6.185 11.638\">\r\n                                                <defs>\r\n                                                    <clipPath id=\"clip-path\">\r\n                                                        <rect id=\"Rectangle_129\" data-name=\"Rectangle 129\" width=\"11.638\" height=\"6.185\" transform=\"translate(0 0)\" fill=\"#00070a\" \/>\r\n                                                    <\/clipPath>\r\n                                                <\/defs>\r\n                                                <g id=\"Group_93\" data-name=\"Group 93\" transform=\"translate(0 11.638) rotate(-90)\">\r\n                                                    <g id=\"Group_43\" data-name=\"Group 43\" transform=\"translate(0 0)\" clip-path=\"url(#clip-path)\">\r\n                                                        <path id=\"Path_123\" data-name=\"Path 123\" d=\"M5.819,6.185a.365.365,0,0,1-.259-.107L.107.625A.366.366,0,0,1,.625.107L5.819,5.3,11.013.107a.366.366,0,0,1,.518.518L6.078,6.078a.365.365,0,0,1-.259.107\" transform=\"translate(0 0)\" fill=\"currentColor\" \/>\r\n                                            <\/svg> <\/p>\r\n                                    <\/span>\r\n\r\n                                <\/div>\r\n                            <\/a>\r\n                        <\/div>\r\n\r\n                    \r\n\r\n\r\n                        <div class=\"col-lg-4 all-news-small-container\" data-aos=\"fade-up\">\r\n                            <a href=\"  https:\/\/www.eme.de\/de\/cullet_handling\/scherbentransport\/  \" class=\"all-news-small\" style=\"letter-spacing: unset !important;\">\r\n                                <div class=\"all-news-image-small \" style=\"background: url('  https:\/\/www.eme.de\/wp-content\/uploads\/2022\/03\/CULLET-TRANSPORT-1-new-1024x683.jpg  ') no-repeat;\">\r\n                                <\/div>\r\n                                <div class=\"all-news-small-details product-link-list-grid-item\">\r\n                                    <div>\r\n                                        <h4 style=\"flex-grow: 1\" class=\"latest-news-title\"> SCHERBENTRANSPORT<\/h4>\r\n                                        <p>Spezielle Scherbenf\u00f6rderb\u00e4nder sind die effizienteste Methode, um Scherben vom kalten Ende zum Schmelzprozess oder zum Scherbenlager zu transportieren.<\/p>\r\n                                    <\/div>\r\n\r\n                                    <span class=\"arrow-link\">\r\n                                        <p class=\"product-find-out-more\">Erfahren Sie mehr <svg style=\"margin-bottom: -2px;\" xmlns=\"http:\/\/www.w3.org\/2000\/svg\" xmlns:xlink=\"http:\/\/www.w3.org\/1999\/xlink\" width=\"6.185\" height=\"11.638\" viewBox=\"0 0 6.185 11.638\">\r\n                                                <defs>\r\n                                                    <clipPath id=\"clip-path\">\r\n                                                        <rect id=\"Rectangle_129\" data-name=\"Rectangle 129\" width=\"11.638\" height=\"6.185\" transform=\"translate(0 0)\" fill=\"#00070a\" \/>\r\n                                                    <\/clipPath>\r\n                                                <\/defs>\r\n                                                <g id=\"Group_93\" data-name=\"Group 93\" transform=\"translate(0 11.638) rotate(-90)\">\r\n                                                    <g id=\"Group_43\" data-name=\"Group 43\" transform=\"translate(0 0)\" clip-path=\"url(#clip-path)\">\r\n                                                        <path id=\"Path_123\" data-name=\"Path 123\" d=\"M5.819,6.185a.365.365,0,0,1-.259-.107L.107.625A.366.366,0,0,1,.625.107L5.819,5.3,11.013.107a.366.366,0,0,1,.518.518L6.078,6.078a.365.365,0,0,1-.259.107\" transform=\"translate(0 0)\" fill=\"currentColor\" \/>\r\n                                            <\/svg> <\/p>\r\n                                    <\/span>\r\n\r\n                                <\/div>\r\n                            <\/a>\r\n                        <\/div>\r\n\r\n                                                                    <\/div>\r\n        <\/div>\r\n    <\/div>\r\n<\/section>\r\n","protected":false},"excerpt":{"rendered":"","protected":false},"author":1,"featured_media":4627,"parent":0,"menu_order":5,"comment_status":"closed","ping_status":"closed","template":"","meta":{"_acf_changed":false,"footnotes":""},"class_list":["post-4948","page","type-page","status-publish","has-post-thumbnail","hentry"],"acf":[],"yoast_head":"<!-- This site is optimized with the Yoast SEO plugin v27.3 - https:\/\/yoast.com\/product\/yoast-seo-wordpress\/ -->\n<title>SCHERBENAUFBEREITUNG - EME<\/title>\n<meta name=\"description\" content=\"Die Scherbenaufbereitungssysteme von EME sind so konzipiert, dass die Sicherheit erh\u00f6ht, Abfall reduziert und die Produktivit\u00e4t gesteigert wird.\" \/>\n<meta name=\"robots\" content=\"index, follow, max-snippet:-1, max-image-preview:large, max-video-preview:-1\" \/>\n<link rel=\"canonical\" href=\"https:\/\/www.eme.de\/de\/scherbenaufbereitung\/\" \/>\n<meta property=\"og:locale\" content=\"de_DE\" \/>\n<meta property=\"og:type\" content=\"article\" \/>\n<meta property=\"og:title\" content=\"SCHERBENAUFBEREITUNG - EME\" \/>\n<meta property=\"og:description\" content=\"Die Scherbenaufbereitungssysteme von EME sind so konzipiert, dass die Sicherheit erh\u00f6ht, Abfall reduziert und die Produktivit\u00e4t gesteigert wird.\" \/>\n<meta property=\"og:url\" content=\"https:\/\/www.eme.de\/de\/scherbenaufbereitung\/\" \/>\n<meta property=\"og:site_name\" content=\"EME\" \/>\n<meta property=\"article:modified_time\" content=\"2023-02-15T09:38:10+00:00\" \/>\n<meta property=\"og:image\" content=\"https:\/\/www.eme.de\/wp-content\/uploads\/2022\/03\/CULLET-HANDLING-header-4.jpg\" \/>\n\t<meta property=\"og:image:width\" content=\"2000\" \/>\n\t<meta property=\"og:image:height\" content=\"900\" \/>\n\t<meta property=\"og:image:type\" content=\"image\/jpeg\" \/>\n<meta name=\"twitter:card\" content=\"summary_large_image\" \/>\n<script type=\"application\/ld+json\" class=\"yoast-schema-graph\">{\"@context\":\"https:\\\/\\\/schema.org\",\"@graph\":[{\"@type\":\"WebPage\",\"@id\":\"https:\\\/\\\/www.eme.de\\\/de\\\/scherbenaufbereitung\\\/\",\"url\":\"https:\\\/\\\/www.eme.de\\\/de\\\/scherbenaufbereitung\\\/\",\"name\":\"SCHERBENAUFBEREITUNG - EME\",\"isPartOf\":{\"@id\":\"https:\\\/\\\/www.eme.de\\\/de\\\/#website\"},\"primaryImageOfPage\":{\"@id\":\"https:\\\/\\\/www.eme.de\\\/de\\\/scherbenaufbereitung\\\/#primaryimage\"},\"image\":{\"@id\":\"https:\\\/\\\/www.eme.de\\\/de\\\/scherbenaufbereitung\\\/#primaryimage\"},\"thumbnailUrl\":\"https:\\\/\\\/www.eme.de\\\/wp-content\\\/uploads\\\/2022\\\/03\\\/CULLET-HANDLING-header-4.jpg\",\"datePublished\":\"2022-03-15T09:40:25+00:00\",\"dateModified\":\"2023-02-15T09:38:10+00:00\",\"description\":\"Die Scherbenaufbereitungssysteme von EME sind so konzipiert, dass die Sicherheit erh\u00f6ht, Abfall reduziert und die Produktivit\u00e4t gesteigert wird.\",\"breadcrumb\":{\"@id\":\"https:\\\/\\\/www.eme.de\\\/de\\\/scherbenaufbereitung\\\/#breadcrumb\"},\"inLanguage\":\"de\",\"potentialAction\":[{\"@type\":\"ReadAction\",\"target\":[\"https:\\\/\\\/www.eme.de\\\/de\\\/scherbenaufbereitung\\\/\"]}]},{\"@type\":\"ImageObject\",\"inLanguage\":\"de\",\"@id\":\"https:\\\/\\\/www.eme.de\\\/de\\\/scherbenaufbereitung\\\/#primaryimage\",\"url\":\"https:\\\/\\\/www.eme.de\\\/wp-content\\\/uploads\\\/2022\\\/03\\\/CULLET-HANDLING-header-4.jpg\",\"contentUrl\":\"https:\\\/\\\/www.eme.de\\\/wp-content\\\/uploads\\\/2022\\\/03\\\/CULLET-HANDLING-header-4.jpg\",\"width\":2000,\"height\":900},{\"@type\":\"BreadcrumbList\",\"@id\":\"https:\\\/\\\/www.eme.de\\\/de\\\/scherbenaufbereitung\\\/#breadcrumb\",\"itemListElement\":[{\"@type\":\"ListItem\",\"position\":1,\"name\":\"Home\",\"item\":\"https:\\\/\\\/www.eme.de\\\/de\\\/\"},{\"@type\":\"ListItem\",\"position\":2,\"name\":\"SCHERBENAUFBEREITUNG\"}]},{\"@type\":\"WebSite\",\"@id\":\"https:\\\/\\\/www.eme.de\\\/de\\\/#website\",\"url\":\"https:\\\/\\\/www.eme.de\\\/de\\\/\",\"name\":\"EME\",\"description\":\"\",\"potentialAction\":[{\"@type\":\"SearchAction\",\"target\":{\"@type\":\"EntryPoint\",\"urlTemplate\":\"https:\\\/\\\/www.eme.de\\\/de\\\/?s={search_term_string}\"},\"query-input\":{\"@type\":\"PropertyValueSpecification\",\"valueRequired\":true,\"valueName\":\"search_term_string\"}}],\"inLanguage\":\"de\"}]}<\/script>\n<!-- \/ Yoast SEO plugin. -->","yoast_head_json":{"title":"SCHERBENAUFBEREITUNG - EME","description":"Die Scherbenaufbereitungssysteme von EME sind so konzipiert, dass die Sicherheit erh\u00f6ht, Abfall reduziert und die Produktivit\u00e4t gesteigert wird.","robots":{"index":"index","follow":"follow","max-snippet":"max-snippet:-1","max-image-preview":"max-image-preview:large","max-video-preview":"max-video-preview:-1"},"canonical":"https:\/\/www.eme.de\/de\/scherbenaufbereitung\/","og_locale":"de_DE","og_type":"article","og_title":"SCHERBENAUFBEREITUNG - EME","og_description":"Die Scherbenaufbereitungssysteme von EME sind so konzipiert, dass die Sicherheit erh\u00f6ht, Abfall reduziert und die Produktivit\u00e4t gesteigert wird.","og_url":"https:\/\/www.eme.de\/de\/scherbenaufbereitung\/","og_site_name":"EME","article_modified_time":"2023-02-15T09:38:10+00:00","og_image":[{"width":2000,"height":900,"url":"https:\/\/www.eme.de\/wp-content\/uploads\/2022\/03\/CULLET-HANDLING-header-4.jpg","type":"image\/jpeg"}],"twitter_card":"summary_large_image","schema":{"@context":"https:\/\/schema.org","@graph":[{"@type":"WebPage","@id":"https:\/\/www.eme.de\/de\/scherbenaufbereitung\/","url":"https:\/\/www.eme.de\/de\/scherbenaufbereitung\/","name":"SCHERBENAUFBEREITUNG - EME","isPartOf":{"@id":"https:\/\/www.eme.de\/de\/#website"},"primaryImageOfPage":{"@id":"https:\/\/www.eme.de\/de\/scherbenaufbereitung\/#primaryimage"},"image":{"@id":"https:\/\/www.eme.de\/de\/scherbenaufbereitung\/#primaryimage"},"thumbnailUrl":"https:\/\/www.eme.de\/wp-content\/uploads\/2022\/03\/CULLET-HANDLING-header-4.jpg","datePublished":"2022-03-15T09:40:25+00:00","dateModified":"2023-02-15T09:38:10+00:00","description":"Die Scherbenaufbereitungssysteme von EME sind so konzipiert, dass die Sicherheit erh\u00f6ht, Abfall reduziert und die Produktivit\u00e4t gesteigert wird.","breadcrumb":{"@id":"https:\/\/www.eme.de\/de\/scherbenaufbereitung\/#breadcrumb"},"inLanguage":"de","potentialAction":[{"@type":"ReadAction","target":["https:\/\/www.eme.de\/de\/scherbenaufbereitung\/"]}]},{"@type":"ImageObject","inLanguage":"de","@id":"https:\/\/www.eme.de\/de\/scherbenaufbereitung\/#primaryimage","url":"https:\/\/www.eme.de\/wp-content\/uploads\/2022\/03\/CULLET-HANDLING-header-4.jpg","contentUrl":"https:\/\/www.eme.de\/wp-content\/uploads\/2022\/03\/CULLET-HANDLING-header-4.jpg","width":2000,"height":900},{"@type":"BreadcrumbList","@id":"https:\/\/www.eme.de\/de\/scherbenaufbereitung\/#breadcrumb","itemListElement":[{"@type":"ListItem","position":1,"name":"Home","item":"https:\/\/www.eme.de\/de\/"},{"@type":"ListItem","position":2,"name":"SCHERBENAUFBEREITUNG"}]},{"@type":"WebSite","@id":"https:\/\/www.eme.de\/de\/#website","url":"https:\/\/www.eme.de\/de\/","name":"EME","description":"","potentialAction":[{"@type":"SearchAction","target":{"@type":"EntryPoint","urlTemplate":"https:\/\/www.eme.de\/de\/?s={search_term_string}"},"query-input":{"@type":"PropertyValueSpecification","valueRequired":true,"valueName":"search_term_string"}}],"inLanguage":"de"}]}},"_links":{"self":[{"href":"https:\/\/www.eme.de\/de\/wp-json\/wp\/v2\/pages\/4948","targetHints":{"allow":["GET"]}}],"collection":[{"href":"https:\/\/www.eme.de\/de\/wp-json\/wp\/v2\/pages"}],"about":[{"href":"https:\/\/www.eme.de\/de\/wp-json\/wp\/v2\/types\/page"}],"author":[{"embeddable":true,"href":"https:\/\/www.eme.de\/de\/wp-json\/wp\/v2\/users\/1"}],"replies":[{"embeddable":true,"href":"https:\/\/www.eme.de\/de\/wp-json\/wp\/v2\/comments?post=4948"}],"version-history":[{"count":7,"href":"https:\/\/www.eme.de\/de\/wp-json\/wp\/v2\/pages\/4948\/revisions"}],"predecessor-version":[{"id":5692,"href":"https:\/\/www.eme.de\/de\/wp-json\/wp\/v2\/pages\/4948\/revisions\/5692"}],"wp:featuredmedia":[{"embeddable":true,"href":"https:\/\/www.eme.de\/de\/wp-json\/wp\/v2\/media\/4627"}],"wp:attachment":[{"href":"https:\/\/www.eme.de\/de\/wp-json\/wp\/v2\/media?parent=4948"}],"curies":[{"name":"wp","href":"https:\/\/api.w.org\/{rel}","templated":true}]}}