{"id":4950,"date":"2022-03-15T09:33:46","date_gmt":"2022-03-15T09:33:46","guid":{"rendered":"https:\/\/www.eme.de\/glasrecycling\/"},"modified":"2024-08-06T08:10:46","modified_gmt":"2024-08-06T08:10:46","slug":"glasrecycling","status":"publish","type":"page","link":"https:\/\/www.eme.de\/de\/glasrecycling\/","title":{"rendered":"GLASRECYCLING"},"content":{"rendered":"\r\n<section id=\"image-hero-with-content-block_62305d590a964\" class=\"image-hero-with-content\">\r\n\r\n    <div class=\"image-hero-with-content-image-container\" style=\" background: linear-gradient(90deg, rgba(0,0,0,0.5) 0%, rgba(255,255,255,0) 75%), url('https:\/\/www.eme.de\/wp-content\/uploads\/2022\/04\/Kioo-Layout_3.png'),   no-repeat; background-position:  !important;\" data-aos=\"fade-down\">\r\n\r\n        <div class=\"main-container\">\r\n            <div class=\"container-fluid\">\r\n                <div class=\"row full-width-image-info-light-text image-hero-with-content-text\">\r\n                    <div class=\"col-lg-8 col-xl-6 image-hero-with-content-text-container  \">\r\n                        <div class=\"image-hero-with-content-inner\">\r\n                            <h5><\/h5>\r\n                            <h1 class=\"image-hero-with-content-title\" class=\"\">GLASRECYCLING<\/h1>\r\n                            <p>Glasrecycling ist zur Einsparung nat\u00fcrlicher Ressourcen und damit zum Schutz der Umwelt unerl\u00e4sslich. Durch die Verwendung von Scherben anstelle von Rohstoffen kann der Energieverbrauch im Schmelzprozess um 30 % gesenkt werden. Die Endprodukte sind hochwertiges Hohlglas mit beeindruckenden Vorteilen gegen\u00fcber PET-Flaschen und -Beh\u00e4ltern. Das Resultat sind Umweltschutz, verringerte Abfallproduktion und geringerer Energieverbrauch.<\/p>\n                                                    <\/div>\r\n                    <\/div>\r\n\r\n                    <div class=\"col-lg-4 d-none d-lg-block\">\r\n\r\n                    <\/div>\r\n                <\/div>\r\n            <\/div>\r\n        <\/div>\r\n\r\n\r\n    <\/div>\r\n\r\n\r\n\r\n    <!-- <span style=\"display: flex;\">\r\n        <img decoding=\"async\" src=\"https:\/\/www.eme.de\/wp-content\/themes\/armstrong\/img\/angled_line_left_end.svg\" alt=\"\" v>\r\n        <hr style=\"flex-grow: 1; margin: 0;\">\r\n    <\/span> -->\r\n<\/section>\r\n\r\n<section id=\"product-introblock_62305d6a0a965\" class=\"product-intro\">\r\n\r\n\r\n    <div class=\"main-container\">\r\n        <div class=\"container-fluid\">\r\n\r\n\r\n            <div class=\"row\">\r\n                <div class=\"col-lg-12\" data-aos=\"fade-right\">\r\n                    <h2><\/h2>\r\n                <\/div>\r\n            <\/div>\r\n\r\n            <div class=\"row  product-intro-details\" data-aos=\"fade-right\">\r\n                <div class=\"col-lg-6\">\r\n                    <h4 class=\"product-description\"><\/h4>\r\n                <\/div>\r\n                <div class=\"col-lg-1\">\r\n                <\/div>\r\n                <div class=\"col-lg-5\">\r\n\r\n                    \r\n                <\/div>\r\n            <\/div>\r\n        <\/div>\r\n    <\/div>\r\n\r\n\r\n<\/section><section id=\"product-link-listblock_62305d730a966\" class=\"product-link-list\">\r\n    <div class=\"main-container\">\r\n        <div class=\"container-fluid\">\r\n            <div class=\"row\">\r\n                \r\n\r\n\r\n                        <div class=\"col-lg-4 all-news-small-container\" data-aos=\"fade-up\">\r\n                            <a href=\"  https:\/\/www.eme.de\/de\/glass_recycling\/optische-sortierung\/  \" class=\"all-news-small\" style=\"letter-spacing: unset !important;\">\r\n                                <div class=\"all-news-image-small \" style=\"background: url('  https:\/\/www.eme.de\/wp-content\/uploads\/2022\/03\/OPTICAL-SORTING-1-new-1024x683.jpg  ') no-repeat;\">\r\n                                <\/div>\r\n                                <div class=\"all-news-small-details product-link-list-grid-item\">\r\n                                    <div>\r\n                                        <h4 style=\"flex-grow: 1\" class=\"latest-news-title\"> OPTISCHE SORTIERUNG<\/h4>\r\n                                        <p>Im Rahmen der dritten Phase werden die Scherben durch optische Sortiervorrichtungen zur Farbsortierung und durch Abscheidung von Verunreinigungen aufbereitet. <\/p>\r\n                                    <\/div>\r\n\r\n                                    <span class=\"arrow-link\">\r\n                                        <p class=\"product-find-out-more\">Erfahren Sie mehr <svg style=\"margin-bottom: -2px;\" xmlns=\"http:\/\/www.w3.org\/2000\/svg\" xmlns:xlink=\"http:\/\/www.w3.org\/1999\/xlink\" width=\"6.185\" height=\"11.638\" viewBox=\"0 0 6.185 11.638\">\r\n                                                <defs>\r\n                                                    <clipPath id=\"clip-path\">\r\n                                                        <rect id=\"Rectangle_129\" data-name=\"Rectangle 129\" width=\"11.638\" height=\"6.185\" transform=\"translate(0 0)\" fill=\"#00070a\" \/>\r\n                                                    <\/clipPath>\r\n                                                <\/defs>\r\n                                                <g id=\"Group_93\" data-name=\"Group 93\" transform=\"translate(0 11.638) rotate(-90)\">\r\n                                                    <g id=\"Group_43\" data-name=\"Group 43\" transform=\"translate(0 0)\" clip-path=\"url(#clip-path)\">\r\n                                                        <path id=\"Path_123\" data-name=\"Path 123\" d=\"M5.819,6.185a.365.365,0,0,1-.259-.107L.107.625A.366.366,0,0,1,.625.107L5.819,5.3,11.013.107a.366.366,0,0,1,.518.518L6.078,6.078a.365.365,0,0,1-.259.107\" transform=\"translate(0 0)\" fill=\"currentColor\" \/>\r\n                                            <\/svg> <\/p>\r\n                                    <\/span>\r\n\r\n                                <\/div>\r\n                            <\/a>\r\n                        <\/div>\r\n\r\n                    \r\n\r\n\r\n                        <div class=\"col-lg-4 all-news-small-container\" data-aos=\"fade-up\">\r\n                            <a href=\"  https:\/\/www.eme.de\/de\/glass_recycling\/entfernen-von-verunreinigungen\/  \" class=\"all-news-small\" style=\"letter-spacing: unset !important;\">\r\n                                <div class=\"all-news-image-small \" style=\"background: url('  https:\/\/www.eme.de\/wp-content\/uploads\/2022\/03\/CONTAMINATION-REMOVAL-1-new-1024x683.jpg  ') no-repeat;\">\r\n                                <\/div>\r\n                                <div class=\"all-news-small-details product-link-list-grid-item\">\r\n                                    <div>\r\n                                        <h4 style=\"flex-grow: 1\" class=\"latest-news-title\"> ENTFERNEN VON VERUNREINIGUNGEN<\/h4>\r\n                                        <p>In der zweiten Stufe des Recyclingprozesses werden Verunreinigungen wie organische und anorganische Stoffe sowie FE- und NE-Metalle abgetrennt. <\/p>\r\n                                    <\/div>\r\n\r\n                                    <span class=\"arrow-link\">\r\n                                        <p class=\"product-find-out-more\">Erfahren Sie mehr <svg style=\"margin-bottom: -2px;\" xmlns=\"http:\/\/www.w3.org\/2000\/svg\" xmlns:xlink=\"http:\/\/www.w3.org\/1999\/xlink\" width=\"6.185\" height=\"11.638\" viewBox=\"0 0 6.185 11.638\">\r\n                                                <defs>\r\n                                                    <clipPath id=\"clip-path\">\r\n                                                        <rect id=\"Rectangle_129\" data-name=\"Rectangle 129\" width=\"11.638\" height=\"6.185\" transform=\"translate(0 0)\" fill=\"#00070a\" \/>\r\n                                                    <\/clipPath>\r\n                                                <\/defs>\r\n                                                <g id=\"Group_93\" data-name=\"Group 93\" transform=\"translate(0 11.638) rotate(-90)\">\r\n                                                    <g id=\"Group_43\" data-name=\"Group 43\" transform=\"translate(0 0)\" clip-path=\"url(#clip-path)\">\r\n                                                        <path id=\"Path_123\" data-name=\"Path 123\" d=\"M5.819,6.185a.365.365,0,0,1-.259-.107L.107.625A.366.366,0,0,1,.625.107L5.819,5.3,11.013.107a.366.366,0,0,1,.518.518L6.078,6.078a.365.365,0,0,1-.259.107\" transform=\"translate(0 0)\" fill=\"currentColor\" \/>\r\n                                            <\/svg> <\/p>\r\n                                    <\/span>\r\n\r\n                                <\/div>\r\n                            <\/a>\r\n                        <\/div>\r\n\r\n                    \r\n\r\n\r\n                        <div class=\"col-lg-4 all-news-small-container\" data-aos=\"fade-up\">\r\n                            <a href=\"  https:\/\/www.eme.de\/de\/glass_recycling\/scherbenaufbereitung\/  \" class=\"all-news-small\" style=\"letter-spacing: unset !important;\">\r\n                                <div class=\"all-news-image-small \" style=\"background: url('  https:\/\/www.eme.de\/wp-content\/uploads\/2022\/03\/CULLET-PREPARATION-1-new-1024x683.jpg  ') no-repeat;\">\r\n                                <\/div>\r\n                                <div class=\"all-news-small-details product-link-list-grid-item\">\r\n                                    <div>\r\n                                        <h4 style=\"flex-grow: 1\" class=\"latest-news-title\"> SCHERBENAUFBEREITUNG<\/h4>\r\n                                        <p>In der ersten Phase der Vorbereitung von Scherben zur Weiterverarbeitung werden grobe Verunreinigungen, grobe Eisenmetalle und organische Stoffe entfernt. <\/p>\r\n                                    <\/div>\r\n\r\n                                    <span class=\"arrow-link\">\r\n                                        <p class=\"product-find-out-more\">Erfahren Sie mehr <svg style=\"margin-bottom: -2px;\" xmlns=\"http:\/\/www.w3.org\/2000\/svg\" xmlns:xlink=\"http:\/\/www.w3.org\/1999\/xlink\" width=\"6.185\" height=\"11.638\" viewBox=\"0 0 6.185 11.638\">\r\n                                                <defs>\r\n                                                    <clipPath id=\"clip-path\">\r\n                                                        <rect id=\"Rectangle_129\" data-name=\"Rectangle 129\" width=\"11.638\" height=\"6.185\" transform=\"translate(0 0)\" fill=\"#00070a\" \/>\r\n                                                    <\/clipPath>\r\n                                                <\/defs>\r\n                                                <g id=\"Group_93\" data-name=\"Group 93\" transform=\"translate(0 11.638) rotate(-90)\">\r\n                                                    <g id=\"Group_43\" data-name=\"Group 43\" transform=\"translate(0 0)\" clip-path=\"url(#clip-path)\">\r\n                                                        <path id=\"Path_123\" data-name=\"Path 123\" d=\"M5.819,6.185a.365.365,0,0,1-.259-.107L.107.625A.366.366,0,0,1,.625.107L5.819,5.3,11.013.107a.366.366,0,0,1,.518.518L6.078,6.078a.365.365,0,0,1-.259.107\" transform=\"translate(0 0)\" fill=\"currentColor\" \/>\r\n                                            <\/svg> <\/p>\r\n                                    <\/span>\r\n\r\n                                <\/div>\r\n                            <\/a>\r\n                        <\/div>\r\n\r\n                                                                    <\/div>\r\n        <\/div>\r\n    <\/div>\r\n<\/section>\r\n","protected":false},"excerpt":{"rendered":"","protected":false},"author":1,"featured_media":0,"parent":0,"menu_order":7,"comment_status":"closed","ping_status":"closed","template":"","meta":{"_acf_changed":false,"footnotes":""},"class_list":["post-4950","page","type-page","status-publish","hentry"],"acf":[],"yoast_head":"<!-- This site is optimized with the Yoast SEO plugin v27.3 - https:\/\/yoast.com\/product\/yoast-seo-wordpress\/ -->\n<title>GLASRECYCLING - EME<\/title>\n<meta name=\"description\" content=\"Glasrecycling ist f\u00fcr Ressourcenschonung und Umweltschutz unerl\u00e4sslich. Im Schmelzprozess l\u00e4sst sich so der Energieverbrauch um 30% senken\" \/>\n<meta name=\"robots\" content=\"index, follow, max-snippet:-1, max-image-preview:large, max-video-preview:-1\" \/>\n<link rel=\"canonical\" href=\"https:\/\/www.eme.de\/de\/glasrecycling\/\" \/>\n<meta property=\"og:locale\" content=\"de_DE\" \/>\n<meta property=\"og:type\" content=\"article\" \/>\n<meta property=\"og:title\" content=\"GLASRECYCLING - EME\" \/>\n<meta property=\"og:description\" content=\"Glasrecycling ist f\u00fcr Ressourcenschonung und Umweltschutz unerl\u00e4sslich. Im Schmelzprozess l\u00e4sst sich so der Energieverbrauch um 30% senken\" \/>\n<meta property=\"og:url\" content=\"https:\/\/www.eme.de\/de\/glasrecycling\/\" \/>\n<meta property=\"og:site_name\" content=\"EME\" \/>\n<meta property=\"article:modified_time\" content=\"2024-08-06T08:10:46+00:00\" \/>\n<meta name=\"twitter:card\" content=\"summary_large_image\" \/>\n<script type=\"application\/ld+json\" class=\"yoast-schema-graph\">{\"@context\":\"https:\\\/\\\/schema.org\",\"@graph\":[{\"@type\":\"WebPage\",\"@id\":\"https:\\\/\\\/www.eme.de\\\/de\\\/glasrecycling\\\/\",\"url\":\"https:\\\/\\\/www.eme.de\\\/de\\\/glasrecycling\\\/\",\"name\":\"GLASRECYCLING - EME\",\"isPartOf\":{\"@id\":\"https:\\\/\\\/www.eme.de\\\/de\\\/#website\"},\"datePublished\":\"2022-03-15T09:33:46+00:00\",\"dateModified\":\"2024-08-06T08:10:46+00:00\",\"description\":\"Glasrecycling ist f\u00fcr Ressourcenschonung und Umweltschutz unerl\u00e4sslich. Im Schmelzprozess l\u00e4sst sich so der Energieverbrauch um 30% senken\",\"breadcrumb\":{\"@id\":\"https:\\\/\\\/www.eme.de\\\/de\\\/glasrecycling\\\/#breadcrumb\"},\"inLanguage\":\"de\",\"potentialAction\":[{\"@type\":\"ReadAction\",\"target\":[\"https:\\\/\\\/www.eme.de\\\/de\\\/glasrecycling\\\/\"]}]},{\"@type\":\"BreadcrumbList\",\"@id\":\"https:\\\/\\\/www.eme.de\\\/de\\\/glasrecycling\\\/#breadcrumb\",\"itemListElement\":[{\"@type\":\"ListItem\",\"position\":1,\"name\":\"Home\",\"item\":\"https:\\\/\\\/www.eme.de\\\/de\\\/\"},{\"@type\":\"ListItem\",\"position\":2,\"name\":\"GLASRECYCLING\"}]},{\"@type\":\"WebSite\",\"@id\":\"https:\\\/\\\/www.eme.de\\\/de\\\/#website\",\"url\":\"https:\\\/\\\/www.eme.de\\\/de\\\/\",\"name\":\"EME\",\"description\":\"\",\"potentialAction\":[{\"@type\":\"SearchAction\",\"target\":{\"@type\":\"EntryPoint\",\"urlTemplate\":\"https:\\\/\\\/www.eme.de\\\/de\\\/?s={search_term_string}\"},\"query-input\":{\"@type\":\"PropertyValueSpecification\",\"valueRequired\":true,\"valueName\":\"search_term_string\"}}],\"inLanguage\":\"de\"}]}<\/script>\n<!-- \/ Yoast SEO plugin. -->","yoast_head_json":{"title":"GLASRECYCLING - EME","description":"Glasrecycling ist f\u00fcr Ressourcenschonung und Umweltschutz unerl\u00e4sslich. Im Schmelzprozess l\u00e4sst sich so der Energieverbrauch um 30% senken","robots":{"index":"index","follow":"follow","max-snippet":"max-snippet:-1","max-image-preview":"max-image-preview:large","max-video-preview":"max-video-preview:-1"},"canonical":"https:\/\/www.eme.de\/de\/glasrecycling\/","og_locale":"de_DE","og_type":"article","og_title":"GLASRECYCLING - EME","og_description":"Glasrecycling ist f\u00fcr Ressourcenschonung und Umweltschutz unerl\u00e4sslich. Im Schmelzprozess l\u00e4sst sich so der Energieverbrauch um 30% senken","og_url":"https:\/\/www.eme.de\/de\/glasrecycling\/","og_site_name":"EME","article_modified_time":"2024-08-06T08:10:46+00:00","twitter_card":"summary_large_image","schema":{"@context":"https:\/\/schema.org","@graph":[{"@type":"WebPage","@id":"https:\/\/www.eme.de\/de\/glasrecycling\/","url":"https:\/\/www.eme.de\/de\/glasrecycling\/","name":"GLASRECYCLING - EME","isPartOf":{"@id":"https:\/\/www.eme.de\/de\/#website"},"datePublished":"2022-03-15T09:33:46+00:00","dateModified":"2024-08-06T08:10:46+00:00","description":"Glasrecycling ist f\u00fcr Ressourcenschonung und Umweltschutz unerl\u00e4sslich. Im Schmelzprozess l\u00e4sst sich so der Energieverbrauch um 30% senken","breadcrumb":{"@id":"https:\/\/www.eme.de\/de\/glasrecycling\/#breadcrumb"},"inLanguage":"de","potentialAction":[{"@type":"ReadAction","target":["https:\/\/www.eme.de\/de\/glasrecycling\/"]}]},{"@type":"BreadcrumbList","@id":"https:\/\/www.eme.de\/de\/glasrecycling\/#breadcrumb","itemListElement":[{"@type":"ListItem","position":1,"name":"Home","item":"https:\/\/www.eme.de\/de\/"},{"@type":"ListItem","position":2,"name":"GLASRECYCLING"}]},{"@type":"WebSite","@id":"https:\/\/www.eme.de\/de\/#website","url":"https:\/\/www.eme.de\/de\/","name":"EME","description":"","potentialAction":[{"@type":"SearchAction","target":{"@type":"EntryPoint","urlTemplate":"https:\/\/www.eme.de\/de\/?s={search_term_string}"},"query-input":{"@type":"PropertyValueSpecification","valueRequired":true,"valueName":"search_term_string"}}],"inLanguage":"de"}]}},"_links":{"self":[{"href":"https:\/\/www.eme.de\/de\/wp-json\/wp\/v2\/pages\/4950","targetHints":{"allow":["GET"]}}],"collection":[{"href":"https:\/\/www.eme.de\/de\/wp-json\/wp\/v2\/pages"}],"about":[{"href":"https:\/\/www.eme.de\/de\/wp-json\/wp\/v2\/types\/page"}],"author":[{"embeddable":true,"href":"https:\/\/www.eme.de\/de\/wp-json\/wp\/v2\/users\/1"}],"replies":[{"embeddable":true,"href":"https:\/\/www.eme.de\/de\/wp-json\/wp\/v2\/comments?post=4950"}],"version-history":[{"count":1,"href":"https:\/\/www.eme.de\/de\/wp-json\/wp\/v2\/pages\/4950\/revisions"}],"predecessor-version":[{"id":4951,"href":"https:\/\/www.eme.de\/de\/wp-json\/wp\/v2\/pages\/4950\/revisions\/4951"}],"wp:attachment":[{"href":"https:\/\/www.eme.de\/de\/wp-json\/wp\/v2\/media?parent=4950"}],"curies":[{"name":"wp","href":"https:\/\/api.w.org\/{rel}","templated":true}]}}