{"id":4954,"date":"2022-03-15T09:31:48","date_gmt":"2022-03-15T09:31:48","guid":{"rendered":"https:\/\/www.eme.de\/spezialanwendungen\/"},"modified":"2023-02-24T11:42:00","modified_gmt":"2023-02-24T11:42:00","slug":"spezialanwendungen","status":"publish","type":"page","link":"https:\/\/www.eme.de\/de\/spezialanwendungen\/","title":{"rendered":"SPEZIAL\u00ad\u00ad\u00ad\u00ad\u00ad\u00adANWENDUNGEN"},"content":{"rendered":"\r\n<section id=\"image-hero-with-content-block_2ec78ae3e5615f056932dafb8a97b26e\" class=\"image-hero-with-content\">\r\n\r\n    <div class=\"image-hero-with-content-image-container\" style=\" background: linear-gradient(90deg, rgba(0,0,0,0.5) 0%, rgba(255,255,255,0) 75%), url('https:\/\/www.eme.de\/wp-content\/uploads\/2022\/03\/special-applications-new.jpg'),   no-repeat; background-position: center !important;\" data-aos=\"fade-down\">\r\n\r\n        <div class=\"main-container\">\r\n            <div class=\"container-fluid\">\r\n                <div class=\"row full-width-image-info-light-text image-hero-with-content-text\">\r\n                    <div class=\"col-lg-8 col-xl-6 image-hero-with-content-text-container  \">\r\n                        <div class=\"image-hero-with-content-inner\">\r\n                            <h5><\/h5>\r\n                            <h1 class=\"image-hero-with-content-title\" class=\"\">SPEZIAL\u00adANWENDUNGEN<\/h1>\r\n                            <p>EME kann ihren Kunden individuelle L\u00f6sungen bieten. Beispiele f\u00fcr unsere Spezialanwendungen sind unsere Scherbenpulverisierung und unser Plattenf\u00f6rderband f\u00fcr Wasserglas.<\/p>\n                                                    <\/div>\r\n                    <\/div>\r\n\r\n                    <div class=\"col-lg-4 d-none d-lg-block\">\r\n\r\n                    <\/div>\r\n                <\/div>\r\n            <\/div>\r\n        <\/div>\r\n\r\n\r\n    <\/div>\r\n\r\n\r\n\r\n    <!-- <span style=\"display: flex;\">\r\n        <img decoding=\"async\" src=\"https:\/\/www.eme.de\/wp-content\/themes\/armstrong\/img\/angled_line_left_end.svg\" alt=\"\" v>\r\n        <hr style=\"flex-grow: 1; margin: 0;\">\r\n    <\/span> -->\r\n<\/section>\r\n\n\n\r\n<section id=\"product-introblock_23a48ec2699d97b484ef75efce8c083b\" class=\"product-intro\">\r\n\r\n\r\n    <div class=\"main-container\">\r\n        <div class=\"container-fluid\">\r\n\r\n\r\n            <div class=\"row\">\r\n                <div class=\"col-lg-12\" data-aos=\"fade-right\">\r\n                    <h2><\/h2>\r\n                <\/div>\r\n            <\/div>\r\n\r\n            <div class=\"row  product-intro-details\" data-aos=\"fade-right\">\r\n                <div class=\"col-lg-6\">\r\n                    <h4 class=\"product-description\"><\/h4>\r\n                <\/div>\r\n                <div class=\"col-lg-1\">\r\n                <\/div>\r\n                <div class=\"col-lg-5\">\r\n\r\n                    \r\n                <\/div>\r\n            <\/div>\r\n        <\/div>\r\n    <\/div>\r\n\r\n\r\n<\/section>\n\n\r\n<section id=\"image-link-grid-block_7d153f67b146d5cb11cfc65f0439b366\" class=\"image-link-grid-products image-link-grid accordion-with-image\">\r\n\r\n    <div class=\"main-container\">\r\n        <div class=\"container-fluid\">\r\n            <div class=\"row \">\r\n                                    \r\n\r\n                        <div class=\"col-xxl-4 col-xl-6 col-lg-6 col-sm-12\" data-aos=\"fade-up\">\r\n\r\n\r\n                            <div class=\"accordion-item\">\r\n                                <img decoding=\"async\" class=\"accordion-header-image\" src=\"https:\/\/www.eme.de\/wp-content\/uploads\/2022\/03\/CULLET-PULVERISATION-new.jpg\">\r\n                                <h2 class=\"accordion-header\" id=\"panelsStayOpen-0-image-link-grid-block_7d153f67b146d5cb11cfc65f0439b366\">\r\n\r\n                                    <div class=\"accordion-button collapsed\" data-bs-toggle=\"collapse\" data-bs-target=\"#panelsStayOpen-collapse-0-image-link-grid-block_7d153f67b146d5cb11cfc65f0439b366\" aria-expanded=\"true\" aria-controls=\"panelsStayOpen-collapse-0-image-link-grid-block_7d153f67b146d5cb11cfc65f0439b366\">\r\n\r\n                                        <div class=\"inner-accordion-header\" data-bs-toggle=\"collapse\" data-bs-target=\"#panelsStayOpen-collapse-0-image-link-grid-block_7d153f67b146d5cb11cfc65f0439b366\" aria-expanded=\"true\" aria-controls=\"panelsStayOpen-collapse-0-image-link-grid-block_7d153f67b146d5cb11cfc65f0439b366\">\r\n                                            <h5 class=\"title\">SCHERBENPULVERISIERUNG<\/h5>\r\n                                        <\/div>\r\n\r\n\r\n                                    <\/div>\r\n                                <\/h2>\r\n                                <div id=\"panelsStayOpen-collapse-0-image-link-grid-block_7d153f67b146d5cb11cfc65f0439b366\" class=\"accordion-collapse collapse \" aria-labelledby=\"panelsStayOpen-0-image-link-grid-block_7d153f67b146d5cb11cfc65f0439b366\">\r\n                                    <div class=\"accordion-body\">\r\n\r\n                                        <p>Eine alternative Methode zur Scherbenaufbereitung stellt die Pulverisierung dar.<br>Durch Pulverisierung werden K\u00f6rner mittels horizontaler Brecher so sehr zerkleinert, dass sie maximal 0,88 mm breit sind. <br>Dadurch werden zwei gew\u00fcnschte Effekte erzielt. Zum einen werden keramische Verunreinigungen ebenfalls auf kleine Korngr\u00f6\u00dfen gebracht, da diese \u00e4hnliche spr\u00f6de Materialeigenschaften wie Glas haben. <br>Zum anderen behalten andere Unreinheiten aufgrund ihrer flexibleren Eigenschaften bei dem Pulverisierungsprozess ihre urspr\u00fcngliche Gr\u00f6\u00dfe und k\u00f6nnen damit leichter aussortiert werden. <\/p>\r\n\r\n                                    <\/div>\r\n                                <\/div>\r\n                            <\/div>\r\n\r\n\r\n                        <\/div>\r\n\r\n                    \r\n\r\n                        <div class=\"col-xxl-4 col-xl-6 col-lg-6 col-sm-12\" data-aos=\"fade-up\">\r\n\r\n\r\n                            <div class=\"accordion-item\">\r\n                                <img decoding=\"async\" class=\"accordion-header-image\" src=\"https:\/\/www.eme.de\/wp-content\/uploads\/2022\/03\/PLATE-CONVEYOR-FOR-SODIUM-SILICATE-GLASS-new.jpg\">\r\n                                <h2 class=\"accordion-header\" id=\"panelsStayOpen-1-image-link-grid-block_7d153f67b146d5cb11cfc65f0439b366\">\r\n\r\n                                    <div class=\"accordion-button collapsed\" data-bs-toggle=\"collapse\" data-bs-target=\"#panelsStayOpen-collapse-1-image-link-grid-block_7d153f67b146d5cb11cfc65f0439b366\" aria-expanded=\"true\" aria-controls=\"panelsStayOpen-collapse-1-image-link-grid-block_7d153f67b146d5cb11cfc65f0439b366\">\r\n\r\n                                        <div class=\"inner-accordion-header\" data-bs-toggle=\"collapse\" data-bs-target=\"#panelsStayOpen-collapse-1-image-link-grid-block_7d153f67b146d5cb11cfc65f0439b366\" aria-expanded=\"true\" aria-controls=\"panelsStayOpen-collapse-1-image-link-grid-block_7d153f67b146d5cb11cfc65f0439b366\">\r\n                                            <h5 class=\"title\">PLATTENF\u00d6RDERBAND F\u00dcR WASSERGLAS<\/h5>\r\n                                        <\/div>\r\n\r\n\r\n                                    <\/div>\r\n                                <\/h2>\r\n                                <div id=\"panelsStayOpen-collapse-1-image-link-grid-block_7d153f67b146d5cb11cfc65f0439b366\" class=\"accordion-collapse collapse \" aria-labelledby=\"panelsStayOpen-1-image-link-grid-block_7d153f67b146d5cb11cfc65f0439b366\">\r\n                                    <div class=\"accordion-body\">\r\n\r\n                                        <p>EME hat ein spezielles Plattenf\u00f6rderband mit einer hitzeresistenten Oberfl\u00e4che zum Abk\u00fchlen von Wasserglas entwickelt. <br> Das Glas flie\u00dft direkt aus der Schmelzwanne auf die Platten und wird durch Luftkonvektion abgek\u00fchlt und anschlie\u00dfend in einem Brecher auf eine gew\u00fcnschte Korngr\u00f6\u00dfe gebracht.<\/p>\r\n\r\n                                    <\/div>\r\n                                <\/div>\r\n                            <\/div>\r\n\r\n\r\n                        <\/div>\r\n\r\n                                                        \r\n            <\/div>\r\n        <\/div>\r\n\r\n<\/section>","protected":false},"excerpt":{"rendered":"","protected":false},"author":1,"featured_media":0,"parent":0,"menu_order":9,"comment_status":"closed","ping_status":"closed","template":"","meta":{"_acf_changed":false,"footnotes":""},"class_list":["post-4954","page","type-page","status-publish","hentry"],"acf":[],"yoast_head":"<!-- This site is optimized with the Yoast SEO plugin v27.3 - https:\/\/yoast.com\/product\/yoast-seo-wordpress\/ -->\n<title>SPEZIAL\u00ad\u00ad\u00ad\u00ad\u00ad\u00adANWENDUNGEN - EME<\/title>\n<meta name=\"description\" content=\"EME kann ihren Kunden individuelle L\u00f6sungen bieten. Beispiele f\u00fcr unsere Spezialanwendungen sind unsere Scherbenpulverisierung und unser Plattenf\u00f6rderband f\u00fcr Natriumsilikatglas.\" \/>\n<meta name=\"robots\" content=\"index, follow, max-snippet:-1, max-image-preview:large, max-video-preview:-1\" \/>\n<link rel=\"canonical\" href=\"https:\/\/www.eme.de\/de\/spezialanwendungen\/\" \/>\n<meta property=\"og:locale\" content=\"de_DE\" \/>\n<meta property=\"og:type\" content=\"article\" \/>\n<meta property=\"og:title\" content=\"SPEZIAL\u00ad\u00ad\u00ad\u00ad\u00ad\u00adANWENDUNGEN - EME\" \/>\n<meta property=\"og:description\" content=\"EME kann ihren Kunden individuelle L\u00f6sungen bieten. Beispiele f\u00fcr unsere Spezialanwendungen sind unsere Scherbenpulverisierung und unser Plattenf\u00f6rderband f\u00fcr Natriumsilikatglas.\" \/>\n<meta property=\"og:url\" content=\"https:\/\/www.eme.de\/de\/spezialanwendungen\/\" \/>\n<meta property=\"og:site_name\" content=\"EME\" \/>\n<meta property=\"article:modified_time\" content=\"2023-02-24T11:42:00+00:00\" \/>\n<meta name=\"twitter:card\" content=\"summary_large_image\" \/>\n<script type=\"application\/ld+json\" class=\"yoast-schema-graph\">{\"@context\":\"https:\\\/\\\/schema.org\",\"@graph\":[{\"@type\":\"WebPage\",\"@id\":\"https:\\\/\\\/www.eme.de\\\/de\\\/spezialanwendungen\\\/\",\"url\":\"https:\\\/\\\/www.eme.de\\\/de\\\/spezialanwendungen\\\/\",\"name\":\"SPEZIAL\u00ad\u00ad\u00ad\u00ad\u00ad\u00adANWENDUNGEN - EME\",\"isPartOf\":{\"@id\":\"https:\\\/\\\/www.eme.de\\\/de\\\/#website\"},\"datePublished\":\"2022-03-15T09:31:48+00:00\",\"dateModified\":\"2023-02-24T11:42:00+00:00\",\"description\":\"EME kann ihren Kunden individuelle L\u00f6sungen bieten. Beispiele f\u00fcr unsere Spezialanwendungen sind unsere Scherbenpulverisierung und unser Plattenf\u00f6rderband f\u00fcr Natriumsilikatglas.\",\"breadcrumb\":{\"@id\":\"https:\\\/\\\/www.eme.de\\\/de\\\/spezialanwendungen\\\/#breadcrumb\"},\"inLanguage\":\"de\",\"potentialAction\":[{\"@type\":\"ReadAction\",\"target\":[\"https:\\\/\\\/www.eme.de\\\/de\\\/spezialanwendungen\\\/\"]}]},{\"@type\":\"BreadcrumbList\",\"@id\":\"https:\\\/\\\/www.eme.de\\\/de\\\/spezialanwendungen\\\/#breadcrumb\",\"itemListElement\":[{\"@type\":\"ListItem\",\"position\":1,\"name\":\"Home\",\"item\":\"https:\\\/\\\/www.eme.de\\\/de\\\/\"},{\"@type\":\"ListItem\",\"position\":2,\"name\":\"SPEZIAL\u00ad\u00ad\u00ad\u00ad\u00ad\u00adANWENDUNGEN\"}]},{\"@type\":\"WebSite\",\"@id\":\"https:\\\/\\\/www.eme.de\\\/de\\\/#website\",\"url\":\"https:\\\/\\\/www.eme.de\\\/de\\\/\",\"name\":\"EME\",\"description\":\"\",\"potentialAction\":[{\"@type\":\"SearchAction\",\"target\":{\"@type\":\"EntryPoint\",\"urlTemplate\":\"https:\\\/\\\/www.eme.de\\\/de\\\/?s={search_term_string}\"},\"query-input\":{\"@type\":\"PropertyValueSpecification\",\"valueRequired\":true,\"valueName\":\"search_term_string\"}}],\"inLanguage\":\"de\"}]}<\/script>\n<!-- \/ Yoast SEO plugin. -->","yoast_head_json":{"title":"SPEZIAL\u00ad\u00ad\u00ad\u00ad\u00ad\u00adANWENDUNGEN - EME","description":"EME kann ihren Kunden individuelle L\u00f6sungen bieten. Beispiele f\u00fcr unsere Spezialanwendungen sind unsere Scherbenpulverisierung und unser Plattenf\u00f6rderband f\u00fcr Natriumsilikatglas.","robots":{"index":"index","follow":"follow","max-snippet":"max-snippet:-1","max-image-preview":"max-image-preview:large","max-video-preview":"max-video-preview:-1"},"canonical":"https:\/\/www.eme.de\/de\/spezialanwendungen\/","og_locale":"de_DE","og_type":"article","og_title":"SPEZIAL\u00ad\u00ad\u00ad\u00ad\u00ad\u00adANWENDUNGEN - EME","og_description":"EME kann ihren Kunden individuelle L\u00f6sungen bieten. Beispiele f\u00fcr unsere Spezialanwendungen sind unsere Scherbenpulverisierung und unser Plattenf\u00f6rderband f\u00fcr Natriumsilikatglas.","og_url":"https:\/\/www.eme.de\/de\/spezialanwendungen\/","og_site_name":"EME","article_modified_time":"2023-02-24T11:42:00+00:00","twitter_card":"summary_large_image","schema":{"@context":"https:\/\/schema.org","@graph":[{"@type":"WebPage","@id":"https:\/\/www.eme.de\/de\/spezialanwendungen\/","url":"https:\/\/www.eme.de\/de\/spezialanwendungen\/","name":"SPEZIAL\u00ad\u00ad\u00ad\u00ad\u00ad\u00adANWENDUNGEN - EME","isPartOf":{"@id":"https:\/\/www.eme.de\/de\/#website"},"datePublished":"2022-03-15T09:31:48+00:00","dateModified":"2023-02-24T11:42:00+00:00","description":"EME kann ihren Kunden individuelle L\u00f6sungen bieten. Beispiele f\u00fcr unsere Spezialanwendungen sind unsere Scherbenpulverisierung und unser Plattenf\u00f6rderband f\u00fcr Natriumsilikatglas.","breadcrumb":{"@id":"https:\/\/www.eme.de\/de\/spezialanwendungen\/#breadcrumb"},"inLanguage":"de","potentialAction":[{"@type":"ReadAction","target":["https:\/\/www.eme.de\/de\/spezialanwendungen\/"]}]},{"@type":"BreadcrumbList","@id":"https:\/\/www.eme.de\/de\/spezialanwendungen\/#breadcrumb","itemListElement":[{"@type":"ListItem","position":1,"name":"Home","item":"https:\/\/www.eme.de\/de\/"},{"@type":"ListItem","position":2,"name":"SPEZIAL\u00ad\u00ad\u00ad\u00ad\u00ad\u00adANWENDUNGEN"}]},{"@type":"WebSite","@id":"https:\/\/www.eme.de\/de\/#website","url":"https:\/\/www.eme.de\/de\/","name":"EME","description":"","potentialAction":[{"@type":"SearchAction","target":{"@type":"EntryPoint","urlTemplate":"https:\/\/www.eme.de\/de\/?s={search_term_string}"},"query-input":{"@type":"PropertyValueSpecification","valueRequired":true,"valueName":"search_term_string"}}],"inLanguage":"de"}]}},"_links":{"self":[{"href":"https:\/\/www.eme.de\/de\/wp-json\/wp\/v2\/pages\/4954","targetHints":{"allow":["GET"]}}],"collection":[{"href":"https:\/\/www.eme.de\/de\/wp-json\/wp\/v2\/pages"}],"about":[{"href":"https:\/\/www.eme.de\/de\/wp-json\/wp\/v2\/types\/page"}],"author":[{"embeddable":true,"href":"https:\/\/www.eme.de\/de\/wp-json\/wp\/v2\/users\/1"}],"replies":[{"embeddable":true,"href":"https:\/\/www.eme.de\/de\/wp-json\/wp\/v2\/comments?post=4954"}],"version-history":[{"count":8,"href":"https:\/\/www.eme.de\/de\/wp-json\/wp\/v2\/pages\/4954\/revisions"}],"predecessor-version":[{"id":5707,"href":"https:\/\/www.eme.de\/de\/wp-json\/wp\/v2\/pages\/4954\/revisions\/5707"}],"wp:attachment":[{"href":"https:\/\/www.eme.de\/de\/wp-json\/wp\/v2\/media?parent=4954"}],"curies":[{"name":"wp","href":"https:\/\/api.w.org\/{rel}","templated":true}]}}