{"id":4956,"date":"2022-03-15T09:29:22","date_gmt":"2022-03-15T09:29:22","guid":{"rendered":"https:\/\/www.eme.de\/automatisierung\/"},"modified":"2022-12-15T09:36:04","modified_gmt":"2022-12-15T09:36:04","slug":"automatisierung","status":"publish","type":"page","link":"https:\/\/www.eme.de\/de\/automatisierung\/","title":{"rendered":"AUTOMATISIERUNG"},"content":{"rendered":"\r\n<section id=\"image-hero-with-content-block_9f984175c65b15a04fea67349bec0edf\" class=\"image-hero-with-content\">\r\n\r\n    <div class=\"image-hero-with-content-image-container\" style=\" background: linear-gradient(90deg, rgba(0,0,0,0.5) 0%, rgba(255,255,255,0) 75%), url('https:\/\/www.eme.de\/wp-content\/uploads\/2022\/03\/Lifecycle-PERFORMANCE-OPTIMISATION-.jpg'),   no-repeat; background-position: left !important;\" data-aos=\"fade-down\">\r\n\r\n        <div class=\"main-container\">\r\n            <div class=\"container-fluid\">\r\n                <div class=\"row full-width-image-info-light-text image-hero-with-content-text\">\r\n                    <div class=\"col-lg-8 col-xl-6 image-hero-with-content-text-container  \">\r\n                        <div class=\"image-hero-with-content-inner\">\r\n                            <h5><\/h5>\r\n                            <h1 class=\"image-hero-with-content-title\" class=\"\">AUTOMATISIERUNG<\/h1>\r\n                            <p>Unsere Automatisierungsstruktur verwendet handels\u00fcbliche Standardhardware.<\/p>\n                                                    <\/div>\r\n                    <\/div>\r\n\r\n                    <div class=\"col-lg-4 d-none d-lg-block\">\r\n\r\n                    <\/div>\r\n                <\/div>\r\n            <\/div>\r\n        <\/div>\r\n\r\n\r\n    <\/div>\r\n\r\n\r\n\r\n    <!-- <span style=\"display: flex;\">\r\n        <img decoding=\"async\" src=\"https:\/\/www.eme.de\/wp-content\/themes\/armstrong\/img\/angled_line_left_end.svg\" alt=\"\" v>\r\n        <hr style=\"flex-grow: 1; margin: 0;\">\r\n    <\/span> -->\r\n<\/section>\r\n\r\n<section id=\"product-introblock_665ddf53d6d6d95adccc2e4851a01d0b\" class=\"product-intro\">\r\n\r\n\r\n    <div class=\"main-container\">\r\n        <div class=\"container-fluid\">\r\n\r\n\r\n            <div class=\"row\">\r\n                <div class=\"col-lg-12\" data-aos=\"fade-right\">\r\n                    <h2><\/h2>\r\n                <\/div>\r\n            <\/div>\r\n\r\n            <div class=\"row  product-intro-details\" data-aos=\"fade-right\">\r\n                <div class=\"col-lg-6\">\r\n                    <h4 class=\"product-description\"><\/h4>\r\n                <\/div>\r\n                <div class=\"col-lg-1\">\r\n                <\/div>\r\n                <div class=\"col-lg-5\">\r\n\r\n                    \r\n                <\/div>\r\n            <\/div>\r\n        <\/div>\r\n    <\/div>\r\n\r\n\r\n<\/section>\r\n<section id=\"image-link-grid-block_ee85c25ced6b9456e4d2f7afe31562af\" class=\"image-link-grid-products image-link-grid accordion-with-image\">\r\n\r\n    <div class=\"main-container\">\r\n        <div class=\"container-fluid\">\r\n            <div class=\"row \">\r\n                                    \r\n\r\n                        <div class=\"col-xxl-4 col-xl-6 col-lg-6 col-sm-12\" data-aos=\"fade-up\">\r\n\r\n\r\n                            <div class=\"accordion-item\">\r\n                                <img decoding=\"async\" class=\"accordion-header-image\" src=\"https:\/\/www.eme.de\/wp-content\/uploads\/2022\/03\/4.1-2-scaled.jpg\">\r\n                                <h2 class=\"accordion-header\" id=\"panelsStayOpen-0-image-link-grid-block_ee85c25ced6b9456e4d2f7afe31562af\">\r\n\r\n                                    <div class=\"accordion-button collapsed\" data-bs-toggle=\"collapse\" data-bs-target=\"#panelsStayOpen-collapse-0-image-link-grid-block_ee85c25ced6b9456e4d2f7afe31562af\" aria-expanded=\"true\" aria-controls=\"panelsStayOpen-collapse-0-image-link-grid-block_ee85c25ced6b9456e4d2f7afe31562af\">\r\n\r\n                                        <div class=\"inner-accordion-header\" data-bs-toggle=\"collapse\" data-bs-target=\"#panelsStayOpen-collapse-0-image-link-grid-block_ee85c25ced6b9456e4d2f7afe31562af\" aria-expanded=\"true\" aria-controls=\"panelsStayOpen-collapse-0-image-link-grid-block_ee85c25ced6b9456e4d2f7afe31562af\">\r\n                                            <h5 class=\"title\">STRUKTUR<\/h5>\r\n                                        <\/div>\r\n\r\n\r\n                                    <\/div>\r\n                                <\/h2>\r\n                                <div id=\"panelsStayOpen-collapse-0-image-link-grid-block_ee85c25ced6b9456e4d2f7afe31562af\" class=\"accordion-collapse collapse \" aria-labelledby=\"panelsStayOpen-0-image-link-grid-block_ee85c25ced6b9456e4d2f7afe31562af\">\r\n                                    <div class=\"accordion-body\">\r\n\r\n                                        <p>Die Steuerung von EME Anlagen basiert auf markt\u00fcblichen Hardware L\u00f6sungen ohne spezielle herstellerabh\u00e4ngige Wiegecomputer. Standardm\u00e4\u00dfig werden Siemens S7 Steuerungen und WinCC f\u00fcr die Visualisierung eingesetzt, auf Wunsch auch Siemens PCS7. Alternativ werden die Anlagen auch Rockwell Technologie ausgeliefert. Die Softwaremodule wurden von EME entwickelt und \u00fcber viele Jahre hinweg perfektioniert. Die komplette Automatisierungssoftware wird vor der Auslieferung in einer Simulation \u2013 auch ohne Schaltschr\u00e4nke \u2013 getestet. Somit steht eine fertige Software zur Inbetriebnahme zur Verf\u00fcgung und die Anlage kann wesentlich schneller die Produktion aufnehmen.<\/p>\r\n\r\n                                    <\/div>\r\n                                <\/div>\r\n                            <\/div>\r\n\r\n\r\n                        <\/div>\r\n\r\n                    \r\n\r\n                        <div class=\"col-xxl-4 col-xl-6 col-lg-6 col-sm-12\" data-aos=\"fade-up\">\r\n\r\n\r\n                            <div class=\"accordion-item\">\r\n                                <img decoding=\"async\" class=\"accordion-header-image\" src=\"https:\/\/www.eme.de\/wp-content\/uploads\/2022\/03\/HS2A3373-min-scaled.jpg\">\r\n                                <h2 class=\"accordion-header\" id=\"panelsStayOpen-1-image-link-grid-block_ee85c25ced6b9456e4d2f7afe31562af\">\r\n\r\n                                    <div class=\"accordion-button collapsed\" data-bs-toggle=\"collapse\" data-bs-target=\"#panelsStayOpen-collapse-1-image-link-grid-block_ee85c25ced6b9456e4d2f7afe31562af\" aria-expanded=\"true\" aria-controls=\"panelsStayOpen-collapse-1-image-link-grid-block_ee85c25ced6b9456e4d2f7afe31562af\">\r\n\r\n                                        <div class=\"inner-accordion-header\" data-bs-toggle=\"collapse\" data-bs-target=\"#panelsStayOpen-collapse-1-image-link-grid-block_ee85c25ced6b9456e4d2f7afe31562af\" aria-expanded=\"true\" aria-controls=\"panelsStayOpen-collapse-1-image-link-grid-block_ee85c25ced6b9456e4d2f7afe31562af\">\r\n                                            <h5 class=\"title\">VISUALISIERUNG<\/h5>\r\n                                        <\/div>\r\n\r\n\r\n                                    <\/div>\r\n                                <\/h2>\r\n                                <div id=\"panelsStayOpen-collapse-1-image-link-grid-block_ee85c25ced6b9456e4d2f7afe31562af\" class=\"accordion-collapse collapse \" aria-labelledby=\"panelsStayOpen-1-image-link-grid-block_ee85c25ced6b9456e4d2f7afe31562af\">\r\n                                    <div class=\"accordion-body\">\r\n\r\n                                        <p>Die Visualisierung basiert in der Regel auf einem SCADA-System wie beispielsweise Siemens WinCC, kann aber auch auf Wunsch mit anderen SCADA Systemen realisiert werden. Ausgehend von einem \u00dcbersichtbild k\u00f6nnen alle Detailfunktionen aufgerufen werden. Der Zustand einzelner Aggregate ist durch die farbliche Darstellung oder im Kontextmen\u00fc ersichtlich. Die Betriebsarten der Anlage k\u00f6nnen gew\u00e4hlt und die einzelnen Bereiche individuell gestartet werden. Im Handbetrieb k\u00f6nnen auch einzelne Teile bedient werden, speziell bei St\u00f6rungen oder Wartungsarbeiten.<\/p>\r\n\r\n                                    <\/div>\r\n                                <\/div>\r\n                            <\/div>\r\n\r\n\r\n                        <\/div>\r\n\r\n                    \r\n\r\n                        <div class=\"col-xxl-4 col-xl-6 col-lg-6 col-sm-12\" data-aos=\"fade-up\">\r\n\r\n\r\n                            <div class=\"accordion-item\">\r\n                                <img decoding=\"async\" class=\"accordion-header-image\" src=\"https:\/\/www.eme.de\/wp-content\/uploads\/2022\/03\/EME-629x500-\u2013-2.png\">\r\n                                <h2 class=\"accordion-header\" id=\"panelsStayOpen-2-image-link-grid-block_ee85c25ced6b9456e4d2f7afe31562af\">\r\n\r\n                                    <div class=\"accordion-button collapsed\" data-bs-toggle=\"collapse\" data-bs-target=\"#panelsStayOpen-collapse-2-image-link-grid-block_ee85c25ced6b9456e4d2f7afe31562af\" aria-expanded=\"true\" aria-controls=\"panelsStayOpen-collapse-2-image-link-grid-block_ee85c25ced6b9456e4d2f7afe31562af\">\r\n\r\n                                        <div class=\"inner-accordion-header\" data-bs-toggle=\"collapse\" data-bs-target=\"#panelsStayOpen-collapse-2-image-link-grid-block_ee85c25ced6b9456e4d2f7afe31562af\" aria-expanded=\"true\" aria-controls=\"panelsStayOpen-collapse-2-image-link-grid-block_ee85c25ced6b9456e4d2f7afe31562af\">\r\n                                            <h5 class=\"title\">UPGRADE<\/h5>\r\n                                        <\/div>\r\n\r\n\r\n                                    <\/div>\r\n                                <\/h2>\r\n                                <div id=\"panelsStayOpen-collapse-2-image-link-grid-block_ee85c25ced6b9456e4d2f7afe31562af\" class=\"accordion-collapse collapse \" aria-labelledby=\"panelsStayOpen-2-image-link-grid-block_ee85c25ced6b9456e4d2f7afe31562af\">\r\n                                    <div class=\"accordion-body\">\r\n\r\n                                        <p>Das Hauptziel w\u00e4hrend des Upgrades eines Gemengehaus-Automatisierungssystems ist die Modernisierung des Equipments bei minimaler Stillstandszeit. EME kann weltweit eine beachtliche Erfolgsbilanz hinsichtlich Upgrades und Austausch von Steuerungssystemen vorweisen. Unsere Experten schaffen es, alte Steuerungen auszutauschen, ohne den Schmelzprozess zu unterbrechen. Das Gemengehaus wird nur f\u00fcr kurze Zeit zu einem vom Kunden gew\u00e4hlten Zeitpunkt au\u00dfer Betrieb gesetzt. <\/p>\r\n\r\n                                    <\/div>\r\n                                <\/div>\r\n                            <\/div>\r\n\r\n\r\n                        <\/div>\r\n\r\n                    \r\n\r\n                        <div class=\"col-xxl-4 col-xl-6 col-lg-6 col-sm-12\" data-aos=\"fade-up\">\r\n\r\n\r\n                            <div class=\"accordion-item\">\r\n                                <img decoding=\"async\" class=\"accordion-header-image\" src=\"https:\/\/www.eme.de\/wp-content\/uploads\/2022\/03\/4K6A0899-min-scaled.jpg\">\r\n                                <h2 class=\"accordion-header\" id=\"panelsStayOpen-3-image-link-grid-block_ee85c25ced6b9456e4d2f7afe31562af\">\r\n\r\n                                    <div class=\"accordion-button collapsed\" data-bs-toggle=\"collapse\" data-bs-target=\"#panelsStayOpen-collapse-3-image-link-grid-block_ee85c25ced6b9456e4d2f7afe31562af\" aria-expanded=\"true\" aria-controls=\"panelsStayOpen-collapse-3-image-link-grid-block_ee85c25ced6b9456e4d2f7afe31562af\">\r\n\r\n                                        <div class=\"inner-accordion-header\" data-bs-toggle=\"collapse\" data-bs-target=\"#panelsStayOpen-collapse-3-image-link-grid-block_ee85c25ced6b9456e4d2f7afe31562af\" aria-expanded=\"true\" aria-controls=\"panelsStayOpen-collapse-3-image-link-grid-block_ee85c25ced6b9456e4d2f7afe31562af\">\r\n                                            <h5 class=\"title\">STATISTIK<\/h5>\r\n                                        <\/div>\r\n\r\n\r\n                                    <\/div>\r\n                                <\/h2>\r\n                                <div id=\"panelsStayOpen-collapse-3-image-link-grid-block_ee85c25ced6b9456e4d2f7afe31562af\" class=\"accordion-collapse collapse \" aria-labelledby=\"panelsStayOpen-3-image-link-grid-block_ee85c25ced6b9456e4d2f7afe31562af\">\r\n                                    <div class=\"accordion-body\">\r\n\r\n                                        <p>Das SCADA System einer EME Steuerung bietet zahlreiche Statistiken und Berichte die zur Analyse und Verbesserung der Prozesse dienen. Alle Bedieneingriffe werden protokolliert und auch alle Alarme und Diagnosen werden in einer Log Datei erfasst. <br>Somit hat der Anlagenbetreiber stets die volle Kontrolle und bei St\u00f6rungen kann EME durch die Auswertung dieser Daten schnell und gezielt Hilfestellung leisten. <br>Im Bereich Chargenauswertung kann beispielsweise die Diagnose der Dosiergenauigkeiten angezeigt werden. Die Auswahl erfolgt immer durch Auswahl einer Komponente in der Detailansicht und bezieht sich auf den ausgew\u00e4hlten Rohstoff innerhalb dieser Komponente. Hier werden \u00fcber den ausgew\u00e4hlten Zeitbereich die Abweichungen zwischen den Sollwerten und Istwerten dargestellt. <br>Weiterhin sind hier die Toleranzabweichungen eingetragen, sowie die jeweils neu berechneten Werte der Feinstromoptimierung. <br>  Au\u00dferdem wird das Gewicht der Waage beim Start der Dosierung angezeigt. Hierdurch kann man evtl. anfallende Anbackungen im Waagenbeh\u00e4lter beobachten.<\/p>\r\n\r\n                                    <\/div>\r\n                                <\/div>\r\n                            <\/div>\r\n\r\n\r\n                        <\/div>\r\n\r\n                    \r\n\r\n                        <div class=\"col-xxl-4 col-xl-6 col-lg-6 col-sm-12\" data-aos=\"fade-up\">\r\n\r\n\r\n                            <div class=\"accordion-item\">\r\n                                <img decoding=\"async\" class=\"accordion-header-image\" src=\"https:\/\/www.eme.de\/wp-content\/uploads\/2022\/03\/HS2A3327-min-scaled.jpg\">\r\n                                <h2 class=\"accordion-header\" id=\"panelsStayOpen-4-image-link-grid-block_ee85c25ced6b9456e4d2f7afe31562af\">\r\n\r\n                                    <div class=\"accordion-button collapsed\" data-bs-toggle=\"collapse\" data-bs-target=\"#panelsStayOpen-collapse-4-image-link-grid-block_ee85c25ced6b9456e4d2f7afe31562af\" aria-expanded=\"true\" aria-controls=\"panelsStayOpen-collapse-4-image-link-grid-block_ee85c25ced6b9456e4d2f7afe31562af\">\r\n\r\n                                        <div class=\"inner-accordion-header\" data-bs-toggle=\"collapse\" data-bs-target=\"#panelsStayOpen-collapse-4-image-link-grid-block_ee85c25ced6b9456e4d2f7afe31562af\" aria-expanded=\"true\" aria-controls=\"panelsStayOpen-collapse-4-image-link-grid-block_ee85c25ced6b9456e4d2f7afe31562af\">\r\n                                            <h5 class=\"title\">EXTERNER ZUGRIFF<\/h5>\r\n                                        <\/div>\r\n\r\n\r\n                                    <\/div>\r\n                                <\/h2>\r\n                                <div id=\"panelsStayOpen-collapse-4-image-link-grid-block_ee85c25ced6b9456e4d2f7afe31562af\" class=\"accordion-collapse collapse \" aria-labelledby=\"panelsStayOpen-4-image-link-grid-block_ee85c25ced6b9456e4d2f7afe31562af\">\r\n                                    <div class=\"accordion-body\">\r\n\r\n                                        <p>Reisebeschr\u00e4nkungen und Zeitverschiebungen geh\u00f6ren der Vergangenheit an. Egal, wann Sie Fernunterst\u00fctzung ben\u00f6tigen &#8211; EME ist da um Ihnen zu helfen. <br> F\u00fcr die Fernwartung der Anlagen wird grunds\u00e4tzlich ein VPN-Tunnel (VPN = virtuelles privates Netzwerk) mittels der mGuard Sicherheits-Hardware von Innominate eingesetzt. <br>Dabei wird konsequent darauf geachtet, dass der VPN-Tunnel nur von einem EME Servicetechniker zur Produktionsanlage aufgebaut wird. Die Bedienrechner und die SPS bleiben in einer durch die Hardware-Firewall isolierten Zelle und sind daher vor Viren und Hacker-Angriffen gesch\u00fctzt. <br>Durch diese Firewall hindurch ist ein ausschlie\u00dflich lesender Zugriff auf Export-Daten auf den SCADA-Rechnern m\u00f6glich. In diesen Exporten werden Verbrauchsdaten und Archive in Formaten abgelegt, die in Kunden ERP-Systeme importiert werden k\u00f6nnen. Das Auslesen dieser Daten durch die mGuard-Firewall erfolgt von Kundenseite in der Regel vollautomatisch.<\/p>\r\n\r\n                                    <\/div>\r\n                                <\/div>\r\n                            <\/div>\r\n\r\n\r\n                        <\/div>\r\n\r\n                                                        \r\n            <\/div>\r\n        <\/div>\r\n\r\n<\/section>","protected":false},"excerpt":{"rendered":"","protected":false},"author":1,"featured_media":0,"parent":0,"menu_order":10,"comment_status":"closed","ping_status":"closed","template":"","meta":{"_acf_changed":false,"footnotes":""},"class_list":["post-4956","page","type-page","status-publish","hentry"],"acf":[],"yoast_head":"<!-- This site is optimized with the Yoast SEO plugin v27.5 - https:\/\/yoast.com\/product\/yoast-seo-wordpress\/ -->\n<title>AUTOMATISIERUNG - EME<\/title>\n<meta name=\"description\" content=\"Unsere Automatisierungsstruktur verwendet handels\u00fcbliche Standardhardware.\" \/>\n<meta name=\"robots\" content=\"index, follow, max-snippet:-1, max-image-preview:large, max-video-preview:-1\" \/>\n<link rel=\"canonical\" href=\"https:\/\/www.eme.de\/de\/automatisierung\/\" \/>\n<meta property=\"og:locale\" content=\"de_DE\" \/>\n<meta property=\"og:type\" content=\"article\" \/>\n<meta property=\"og:title\" content=\"AUTOMATISIERUNG - EME\" \/>\n<meta property=\"og:description\" content=\"Unsere Automatisierungsstruktur verwendet handels\u00fcbliche Standardhardware.\" \/>\n<meta property=\"og:url\" content=\"https:\/\/www.eme.de\/de\/automatisierung\/\" \/>\n<meta property=\"og:site_name\" content=\"EME\" \/>\n<meta property=\"article:modified_time\" content=\"2022-12-15T09:36:04+00:00\" \/>\n<meta name=\"twitter:card\" content=\"summary_large_image\" \/>\n<script type=\"application\/ld+json\" class=\"yoast-schema-graph\">{\"@context\":\"https:\\\/\\\/schema.org\",\"@graph\":[{\"@type\":\"WebPage\",\"@id\":\"https:\\\/\\\/www.eme.de\\\/de\\\/automatisierung\\\/\",\"url\":\"https:\\\/\\\/www.eme.de\\\/de\\\/automatisierung\\\/\",\"name\":\"AUTOMATISIERUNG - EME\",\"isPartOf\":{\"@id\":\"https:\\\/\\\/www.eme.de\\\/de\\\/#website\"},\"datePublished\":\"2022-03-15T09:29:22+00:00\",\"dateModified\":\"2022-12-15T09:36:04+00:00\",\"description\":\"Unsere Automatisierungsstruktur verwendet handels\u00fcbliche Standardhardware.\",\"breadcrumb\":{\"@id\":\"https:\\\/\\\/www.eme.de\\\/de\\\/automatisierung\\\/#breadcrumb\"},\"inLanguage\":\"de\",\"potentialAction\":[{\"@type\":\"ReadAction\",\"target\":[\"https:\\\/\\\/www.eme.de\\\/de\\\/automatisierung\\\/\"]}]},{\"@type\":\"BreadcrumbList\",\"@id\":\"https:\\\/\\\/www.eme.de\\\/de\\\/automatisierung\\\/#breadcrumb\",\"itemListElement\":[{\"@type\":\"ListItem\",\"position\":1,\"name\":\"Home\",\"item\":\"https:\\\/\\\/www.eme.de\\\/de\\\/\"},{\"@type\":\"ListItem\",\"position\":2,\"name\":\"AUTOMATISIERUNG\"}]},{\"@type\":\"WebSite\",\"@id\":\"https:\\\/\\\/www.eme.de\\\/de\\\/#website\",\"url\":\"https:\\\/\\\/www.eme.de\\\/de\\\/\",\"name\":\"EME\",\"description\":\"\",\"potentialAction\":[{\"@type\":\"SearchAction\",\"target\":{\"@type\":\"EntryPoint\",\"urlTemplate\":\"https:\\\/\\\/www.eme.de\\\/de\\\/?s={search_term_string}\"},\"query-input\":{\"@type\":\"PropertyValueSpecification\",\"valueRequired\":true,\"valueName\":\"search_term_string\"}}],\"inLanguage\":\"de\"}]}<\/script>\n<!-- \/ Yoast SEO plugin. -->","yoast_head_json":{"title":"AUTOMATISIERUNG - EME","description":"Unsere Automatisierungsstruktur verwendet handels\u00fcbliche Standardhardware.","robots":{"index":"index","follow":"follow","max-snippet":"max-snippet:-1","max-image-preview":"max-image-preview:large","max-video-preview":"max-video-preview:-1"},"canonical":"https:\/\/www.eme.de\/de\/automatisierung\/","og_locale":"de_DE","og_type":"article","og_title":"AUTOMATISIERUNG - EME","og_description":"Unsere Automatisierungsstruktur verwendet handels\u00fcbliche Standardhardware.","og_url":"https:\/\/www.eme.de\/de\/automatisierung\/","og_site_name":"EME","article_modified_time":"2022-12-15T09:36:04+00:00","twitter_card":"summary_large_image","schema":{"@context":"https:\/\/schema.org","@graph":[{"@type":"WebPage","@id":"https:\/\/www.eme.de\/de\/automatisierung\/","url":"https:\/\/www.eme.de\/de\/automatisierung\/","name":"AUTOMATISIERUNG - EME","isPartOf":{"@id":"https:\/\/www.eme.de\/de\/#website"},"datePublished":"2022-03-15T09:29:22+00:00","dateModified":"2022-12-15T09:36:04+00:00","description":"Unsere Automatisierungsstruktur verwendet handels\u00fcbliche Standardhardware.","breadcrumb":{"@id":"https:\/\/www.eme.de\/de\/automatisierung\/#breadcrumb"},"inLanguage":"de","potentialAction":[{"@type":"ReadAction","target":["https:\/\/www.eme.de\/de\/automatisierung\/"]}]},{"@type":"BreadcrumbList","@id":"https:\/\/www.eme.de\/de\/automatisierung\/#breadcrumb","itemListElement":[{"@type":"ListItem","position":1,"name":"Home","item":"https:\/\/www.eme.de\/de\/"},{"@type":"ListItem","position":2,"name":"AUTOMATISIERUNG"}]},{"@type":"WebSite","@id":"https:\/\/www.eme.de\/de\/#website","url":"https:\/\/www.eme.de\/de\/","name":"EME","description":"","potentialAction":[{"@type":"SearchAction","target":{"@type":"EntryPoint","urlTemplate":"https:\/\/www.eme.de\/de\/?s={search_term_string}"},"query-input":{"@type":"PropertyValueSpecification","valueRequired":true,"valueName":"search_term_string"}}],"inLanguage":"de"}]}},"_links":{"self":[{"href":"https:\/\/www.eme.de\/de\/wp-json\/wp\/v2\/pages\/4956","targetHints":{"allow":["GET"]}}],"collection":[{"href":"https:\/\/www.eme.de\/de\/wp-json\/wp\/v2\/pages"}],"about":[{"href":"https:\/\/www.eme.de\/de\/wp-json\/wp\/v2\/types\/page"}],"author":[{"embeddable":true,"href":"https:\/\/www.eme.de\/de\/wp-json\/wp\/v2\/users\/1"}],"replies":[{"embeddable":true,"href":"https:\/\/www.eme.de\/de\/wp-json\/wp\/v2\/comments?post=4956"}],"version-history":[{"count":1,"href":"https:\/\/www.eme.de\/de\/wp-json\/wp\/v2\/pages\/4956\/revisions"}],"predecessor-version":[{"id":4957,"href":"https:\/\/www.eme.de\/de\/wp-json\/wp\/v2\/pages\/4956\/revisions\/4957"}],"wp:attachment":[{"href":"https:\/\/www.eme.de\/de\/wp-json\/wp\/v2\/media?parent=4956"}],"curies":[{"name":"wp","href":"https:\/\/api.w.org\/{rel}","templated":true}]}}