{"id":4963,"date":"2022-03-15T10:33:46","date_gmt":"2022-03-15T10:33:46","guid":{"rendered":"https:\/\/www.eme.de\/nachhaltigkeit\/"},"modified":"2024-08-06T07:44:34","modified_gmt":"2024-08-06T07:44:34","slug":"nachhaltigkeit","status":"publish","type":"page","link":"https:\/\/www.eme.de\/de\/nachhaltigkeit\/","title":{"rendered":"NACHHALTIGKEIT"},"content":{"rendered":"\r\n<section id=\"image-hero-with-content-block_afc6e2530fea6ad68edb261e979342a1\" class=\"image-hero-with-content\">\r\n\r\n    <div class=\"image-hero-with-content-image-container\" style=\" background: linear-gradient(90deg, rgba(0,0,0,0.5) 0%, rgba(255,255,255,0) 75%), url('https:\/\/www.eme.de\/wp-content\/uploads\/2022\/03\/sustainability-new.jpg'),   no-repeat; background-position:  !important;\" data-aos=\"fade-down\">\r\n\r\n        <div class=\"main-container\">\r\n            <div class=\"container-fluid\">\r\n                <div class=\"row full-width-image-info-light-text image-hero-with-content-text\">\r\n                    <div class=\"col-lg-8 col-xl-6 image-hero-with-content-text-container  \">\r\n                        <div class=\"image-hero-with-content-inner\">\r\n                            <h5>EME-NACHHALTIGKEIT<\/h5>\r\n                            <h1 class=\"image-hero-with-content-title\" class=\"\">AUF LEISTUNG <br> AUSGELEGT. F\u00dcR BELASTBARKEIT ENTWICKELT.<\/h1>\r\n                            <p>EME hat rund 250 Glasproduktionsanlagen auf der ganzen Welt konzipiert, in Betrieb genommen und unterst\u00fctzt; sie genie\u00dft breite Anerkennung f\u00fcr ihr hervorragendes Design, die Spezifikation von Hochleistungswerkstoffen und den konkurrenzlosen weltweiten Support. Unser Ziel ist die Lieferung von Gemengeanlagen, deren Leistungsf\u00e4higkeit und Langlebigkeit absolut konkurrenzlos sind.<\/p>\n                                                    <\/div>\r\n                    <\/div>\r\n\r\n                    <div class=\"col-lg-4 d-none d-lg-block\">\r\n\r\n                    <\/div>\r\n                <\/div>\r\n            <\/div>\r\n        <\/div>\r\n\r\n\r\n    <\/div>\r\n\r\n\r\n\r\n    <!-- <span style=\"display: flex;\">\r\n        <img decoding=\"async\" src=\"https:\/\/www.eme.de\/wp-content\/themes\/armstrong\/img\/angled_line_left_end.svg\" alt=\"\" v>\r\n        <hr style=\"flex-grow: 1; margin: 0;\">\r\n    <\/span> -->\r\n<\/section>\r\n\n\n\r\n<section id=\"angled-image-info-block_1035e4024551617e3455fb465abbe8bf\" class=\"angled-image-info\" style=\"overflow-x: hidden;\">\r\n\r\n    \r\n        <div class=\"main-container \">\r\n            <div class=\"container-fluid\">\r\n\r\n                <div class=\"col-lg-12\">\r\n                    <div style=\"display: flex; justify-content: space-between; flex-wrap: wrap; align-items: center;\">\r\n\r\n                        <div class=\"angled-image-info-text-content-left\" data-aos=\"fade-right\">\r\n                            <h5>UNSERE VERANTWORTUNG<\/h5>\r\n                            <h3>NACHHALTIGKEIT UND ZUKUNFTS&shy;ORIENTIERUNG<\/h3>\r\n                            <p><p>Der Umweltschutz hat in den letzten Jahren auf Grund des Klimawandels einen immer gr\u00f6\u00dferen Stellenwert und eine immer gr\u00f6\u00dfere Relevanz bekommen.<\/p>\n<p>EME hat als Unternehmen eine besondere Verpflichtung nachhaltig und zukunftsorientiert zu handeln. Um unserer Verantwortung gegen\u00fcber unseren Kunden, Lieferanten, Mitarbeitern und der Umwelt gerecht zu werden, haben wir uns entschlossen neben der Sicherheit und der Qualit\u00e4t auch den Umweltschutz in das existierende Managementsystem zu integrieren.<\/p>\n<\/p>\r\n\r\n                                                            <a class=\"button\" href=\"\/de\/uber-uns#strategy-accordion\">ERFAHREN SIE MEHR<\/a>\r\n                                                    <\/div>\r\n\r\n\r\n\r\n\r\n\r\n\r\n\r\n\r\n\r\n                        <div class=\" angled-image-info-container\">\r\n\r\n                            <div data-aos=\"fade-left\" class=\" angled-image-info-image-right\">\r\n                                <img decoding=\"async\" src=\"https:\/\/www.eme.de\/wp-content\/uploads\/2024\/07\/AdobeStock_855947708.jpg\" alt=\"Cullet\" data-speed=\"1\" class=\"\">\r\n\r\n                            <\/div>\r\n                        <\/div>\r\n\r\n\r\n\r\n\r\n\r\n                    <\/div>\r\n\r\n                <\/div>\r\n            <\/div>\r\n        <\/div>\r\n    \r\n<\/section>\n\n\r\n<section id=\"angled-image-info-block_e993d29c62f2159063b4c7e5bb263938\" class=\"angled-image-info\" style=\"overflow-x: hidden;\">\r\n\r\n    \r\n\r\n        <div class=\"main-container \">\r\n            <div class=\"container-fluid\">\r\n\r\n                <div class=\"col-lg-12\">\r\n                    <div style=\"display: flex; justify-content: space-between; flex-wrap: wrap; align-items: center;\">\r\n                        <div class=\"col-lg-12 angled-image-info-container\">\r\n\r\n                            <div data-aos=\"fade-right\" class=\"parallax-container angled-image-info-image-left\">\r\n                                <img decoding=\"async\" src=\"https:\/\/www.eme.de\/wp-content\/uploads\/2022\/03\/sustainability-new-1.jpg\" alt=\"\" data-speed=\"1\" class=\"\">\r\n\r\n                            <\/div>\r\n                        <\/div>\r\n\r\n\r\n\r\n\r\n                        <div class=\"angled-image-info-text-content-right\" data-aos=\"fade-left\">\r\n                            <h5>NACHHALTIGKEIT<\/h5>\r\n                            <h3>NACHHALTIGE MODERNISIERUNG<\/h3>\r\n                            <p><p>Wir pr\u00fcfen, inwieweit bestehende Kundenanlagen zur Erf\u00fcllung der Kapazit\u00e4tsanforderungen aufger\u00fcstet werden k\u00f6nnen &#8211; entweder durch die Integration eines neuen Steuerungssystems oder durch ein Upgrade auf unsere neueste Software. Wir k\u00f6nnen au\u00dferdem aktuelle Prozesse mittels neuer Maschinen verbessern und sind stets bestrebt, vorhandene Komponenten einzusetzen oder zu \u00fcberholen.<\/p>\n<\/p>\r\n                                                    <\/div>\r\n\r\n\r\n                    <\/div>\r\n                <\/div>\r\n            <\/div>\r\n        <\/div>\r\n\r\n    \r\n<\/section>\n\n\r\n<section id=\"full-width-image-info-block_02cdabbd33bd6af279587264afe2d49f\" class=\"full-width-image-info\">\r\n\r\n\r\n    <div class=\"full-width-image-info-container\" style=\"background: url('https:\/\/www.eme.de\/wp-content\/uploads\/2022\/03\/glass-dna-9_RTCH-OVERLAY-flip.png'),   no-repeat center top; \">\r\n\r\n\r\n\r\n\r\n\r\n        <div class=\"main-container\">\r\n            <div class=\"container-fluid\">\r\n                <div class=\"row full-width-image-info-light-text\" data-aos=\"fade-right\">\r\n                    <div class=\"col-lg-5\">\r\n                        <h5>RECYCLING <\/h5>\r\n                        <h3>RECYCLING, <br> WIEDERVERWENDUNG, <br> REDUZIERUNG<\/h3>\r\n                        <p>Unser Engagement f\u00fcr nachhaltige Glasherstellung hilft Unternehmen auf der ganzen Welt, die Recyclingf\u00e4higkeit bei jedem Glasgemenge zu erh\u00f6hen. Wir haben fortschrittliche Technologien entwickelt, mittels derer w\u00e4hrend des Scherbenaufbereitungsprozesses mehr Verunreinigungen entfernt und so ein qualitativ besseres Gemenge mit einem h\u00f6heren Anteil an recyceltem Material erzielt wird. <\/p>\r\n                    <\/div>\r\n                    <div class=\"col-lg-7\">\r\n\r\n\r\n                    <\/div>\r\n                <\/div>\r\n            <\/div>\r\n        <\/div>\r\n\r\n    <\/div>\r\n<\/section>\n\n\r\n<section id=\"angled-image-info-block_f0c4bbc9891a238ddcf9cb749ec3830d\" class=\"angled-image-info\" style=\"overflow-x: hidden;\">\r\n\r\n    \r\n        <div class=\"main-container \">\r\n            <div class=\"container-fluid\">\r\n\r\n                <div class=\"col-lg-12\">\r\n                    <div style=\"display: flex; justify-content: space-between; flex-wrap: wrap; align-items: center;\">\r\n\r\n                        <div class=\"angled-image-info-text-content-left\" data-aos=\"fade-right\">\r\n                            <h5>NACHHALTIGKEIT<\/h5>\r\n                            <h3>ENERGIE-MANAGEMENT<\/h3>\r\n                            <p><p>Dank der Modularit\u00e4t des EME- \/ SORG-Gemengevorw\u00e4rmers k\u00f6nnen Kapazit\u00e4t und Durchsatz problemlos an unterschiedliche Wannengr\u00f6\u00dfen angepasst werden. Hei\u00dfe Abgase aus der Wanne str\u00f6men durch die W\u00e4rmetauschermodule; die W\u00e4rme wird auf das Gemenge \u00fcbertragen, w\u00e4hrend es sich in Richtung der Einlegemaschine bewegt. Die W\u00e4rmetauscherteile werden gleichzeitig aktiviert, um verbleibende Materialklumpen zu zerst\u00f6ren und den freien Materialfluss durch die Vorw\u00e4rmeinheit zu gew\u00e4hrleisten. Die durch den Einsatz des Gemengevorw\u00e4rmers und Batch3 erzielten Energieeinsparungen im zweistelligen Prozentbereich stellen ein enormes Potenzial dar. Alternativ k\u00f6nnen Anlagen die Schmelzkapazit\u00e4t sowie tempor\u00e4r die Leistung der Glasproduktionslinie erh\u00f6hen.<\/p>\n<\/p>\r\n\r\n                                                    <\/div>\r\n\r\n\r\n\r\n\r\n\r\n\r\n\r\n\r\n\r\n                        <div class=\" angled-image-info-container\">\r\n\r\n                            <div data-aos=\"fade-left\" class=\" angled-image-info-image-right\">\r\n                                <img decoding=\"async\" src=\"https:\/\/www.eme.de\/wp-content\/uploads\/2022\/03\/sustainability-new-2.jpg\" alt=\"\" data-speed=\"1\" class=\"\">\r\n\r\n                            <\/div>\r\n                        <\/div>\r\n\r\n\r\n\r\n\r\n\r\n                    <\/div>\r\n\r\n                <\/div>\r\n            <\/div>\r\n        <\/div>\r\n    \r\n<\/section>\n\n\r\n<section id=\"angled-image-info-block_76af0ca157ffaca0163a2de02a739c90\" class=\"angled-image-info\" style=\"overflow-x: hidden;\">\r\n\r\n    \r\n\r\n        <div class=\"main-container \">\r\n            <div class=\"container-fluid\">\r\n\r\n                <div class=\"col-lg-12\">\r\n                    <div style=\"display: flex; justify-content: space-between; flex-wrap: wrap; align-items: center;\">\r\n                        <div class=\"col-lg-12 angled-image-info-container\">\r\n\r\n                            <div data-aos=\"fade-right\" class=\"parallax-container angled-image-info-image-left\">\r\n                                <img decoding=\"async\" src=\"https:\/\/www.eme.de\/wp-content\/uploads\/2022\/07\/MicrosoftTeams-image-130.png\" alt=\"\" data-speed=\"1\" class=\"\">\r\n\r\n                            <\/div>\r\n                        <\/div>\r\n\r\n\r\n\r\n\r\n                        <div class=\"angled-image-info-text-content-right\" data-aos=\"fade-left\">\r\n                            <h5>NACHHALTIGKEIT<\/h5>\r\n                            <h3>BATCH3: INTEGRIERTES KONZEPT<\/h3>\r\n                            <p><p>Wesentliche Bestandteile des Batch3-Konzepts sind der Gemengevorw\u00e4rmer, die Einlegemaschine EME-NEND\u00ae (No Emission No Dust &#8211; keine Emissionen, kein Staub) und das spezielle IRD<sup><sup>\u00ae<\/sup><\/sup>-Doghouse (Increased Radiation &#8211; erh\u00f6hte Strahlung). Dank unseres einzigartigen Know-hows in Sachen Gemenge und Schmelze bietet das Batch3-Konzept einen reduzierten Energieverbrauch und eine geringere Staubentwicklung, weniger induzierte Luft sowie eine optimale Gemengeverteilung in der Wanne, und daraus resultierend eine bessere Glasqualit\u00e4t. Das IRD<sup>\u00ae<\/sup>-Design ist viel breiter und hat einen viel h\u00f6heren \u00dcberbau als ein herk\u00f6mmliches Doghouse. Der W\u00e4rmeverlust ist geringer, w\u00e4hrend die gr\u00f6\u00dfere Wannen\u00f6ffnung mehr Strahlung in das Doghouse erm\u00f6glicht. Dadurch wird sichergestellt, dass das Oberfl\u00e4chenmaterial vor Eintritt in die Schmelzwanne verglast wird, mit erheblich weniger Staub und Carry-Over. <\/p>\n<\/p>\r\n                                                    <\/div>\r\n\r\n\r\n                    <\/div>\r\n                <\/div>\r\n            <\/div>\r\n        <\/div>\r\n\r\n    \r\n<\/section>","protected":false},"excerpt":{"rendered":"","protected":false},"author":1,"featured_media":0,"parent":0,"menu_order":2,"comment_status":"closed","ping_status":"closed","template":"","meta":{"_acf_changed":false,"footnotes":""},"class_list":["post-4963","page","type-page","status-publish","hentry"],"acf":[],"yoast_head":"<!-- This site is optimized with the Yoast SEO plugin v27.3 - https:\/\/yoast.com\/product\/yoast-seo-wordpress\/ -->\n<title>NACHHALTIGKEIT - Glasherstellung<\/title>\n<meta name=\"description\" content=\"EME hat als Unternehmen eine besondere Verpflichtung nachhaltig und zukunftsorientiert zu handeln und Umweltschutz in Prozesse zu integrieren\" \/>\n<meta name=\"robots\" content=\"index, follow, max-snippet:-1, max-image-preview:large, max-video-preview:-1\" \/>\n<link rel=\"canonical\" href=\"https:\/\/www.eme.de\/de\/nachhaltigkeit\/\" \/>\n<meta property=\"og:locale\" content=\"de_DE\" \/>\n<meta property=\"og:type\" content=\"article\" \/>\n<meta property=\"og:title\" content=\"NACHHALTIGKEIT - Glasherstellung\" \/>\n<meta property=\"og:description\" content=\"EME hat als Unternehmen eine besondere Verpflichtung nachhaltig und zukunftsorientiert zu handeln und Umweltschutz in Prozesse zu integrieren\" \/>\n<meta property=\"og:url\" content=\"https:\/\/www.eme.de\/de\/nachhaltigkeit\/\" \/>\n<meta property=\"og:site_name\" content=\"EME\" \/>\n<meta property=\"article:modified_time\" content=\"2024-08-06T07:44:34+00:00\" \/>\n<meta name=\"twitter:card\" content=\"summary_large_image\" \/>\n<script type=\"application\/ld+json\" class=\"yoast-schema-graph\">{\"@context\":\"https:\\\/\\\/schema.org\",\"@graph\":[{\"@type\":\"WebPage\",\"@id\":\"https:\\\/\\\/www.eme.de\\\/de\\\/nachhaltigkeit\\\/\",\"url\":\"https:\\\/\\\/www.eme.de\\\/de\\\/nachhaltigkeit\\\/\",\"name\":\"NACHHALTIGKEIT - Glasherstellung\",\"isPartOf\":{\"@id\":\"https:\\\/\\\/www.eme.de\\\/de\\\/#website\"},\"datePublished\":\"2022-03-15T10:33:46+00:00\",\"dateModified\":\"2024-08-06T07:44:34+00:00\",\"description\":\"EME hat als Unternehmen eine besondere Verpflichtung nachhaltig und zukunftsorientiert zu handeln und Umweltschutz in Prozesse zu integrieren\",\"breadcrumb\":{\"@id\":\"https:\\\/\\\/www.eme.de\\\/de\\\/nachhaltigkeit\\\/#breadcrumb\"},\"inLanguage\":\"de\",\"potentialAction\":[{\"@type\":\"ReadAction\",\"target\":[\"https:\\\/\\\/www.eme.de\\\/de\\\/nachhaltigkeit\\\/\"]}]},{\"@type\":\"BreadcrumbList\",\"@id\":\"https:\\\/\\\/www.eme.de\\\/de\\\/nachhaltigkeit\\\/#breadcrumb\",\"itemListElement\":[{\"@type\":\"ListItem\",\"position\":1,\"name\":\"Home\",\"item\":\"https:\\\/\\\/www.eme.de\\\/de\\\/\"},{\"@type\":\"ListItem\",\"position\":2,\"name\":\"NACHHALTIGKEIT\"}]},{\"@type\":\"WebSite\",\"@id\":\"https:\\\/\\\/www.eme.de\\\/de\\\/#website\",\"url\":\"https:\\\/\\\/www.eme.de\\\/de\\\/\",\"name\":\"EME\",\"description\":\"\",\"potentialAction\":[{\"@type\":\"SearchAction\",\"target\":{\"@type\":\"EntryPoint\",\"urlTemplate\":\"https:\\\/\\\/www.eme.de\\\/de\\\/?s={search_term_string}\"},\"query-input\":{\"@type\":\"PropertyValueSpecification\",\"valueRequired\":true,\"valueName\":\"search_term_string\"}}],\"inLanguage\":\"de\"}]}<\/script>\n<!-- \/ Yoast SEO plugin. -->","yoast_head_json":{"title":"NACHHALTIGKEIT - Glasherstellung","description":"EME hat als Unternehmen eine besondere Verpflichtung nachhaltig und zukunftsorientiert zu handeln und Umweltschutz in Prozesse zu integrieren","robots":{"index":"index","follow":"follow","max-snippet":"max-snippet:-1","max-image-preview":"max-image-preview:large","max-video-preview":"max-video-preview:-1"},"canonical":"https:\/\/www.eme.de\/de\/nachhaltigkeit\/","og_locale":"de_DE","og_type":"article","og_title":"NACHHALTIGKEIT - Glasherstellung","og_description":"EME hat als Unternehmen eine besondere Verpflichtung nachhaltig und zukunftsorientiert zu handeln und Umweltschutz in Prozesse zu integrieren","og_url":"https:\/\/www.eme.de\/de\/nachhaltigkeit\/","og_site_name":"EME","article_modified_time":"2024-08-06T07:44:34+00:00","twitter_card":"summary_large_image","schema":{"@context":"https:\/\/schema.org","@graph":[{"@type":"WebPage","@id":"https:\/\/www.eme.de\/de\/nachhaltigkeit\/","url":"https:\/\/www.eme.de\/de\/nachhaltigkeit\/","name":"NACHHALTIGKEIT - Glasherstellung","isPartOf":{"@id":"https:\/\/www.eme.de\/de\/#website"},"datePublished":"2022-03-15T10:33:46+00:00","dateModified":"2024-08-06T07:44:34+00:00","description":"EME hat als Unternehmen eine besondere Verpflichtung nachhaltig und zukunftsorientiert zu handeln und Umweltschutz in Prozesse zu integrieren","breadcrumb":{"@id":"https:\/\/www.eme.de\/de\/nachhaltigkeit\/#breadcrumb"},"inLanguage":"de","potentialAction":[{"@type":"ReadAction","target":["https:\/\/www.eme.de\/de\/nachhaltigkeit\/"]}]},{"@type":"BreadcrumbList","@id":"https:\/\/www.eme.de\/de\/nachhaltigkeit\/#breadcrumb","itemListElement":[{"@type":"ListItem","position":1,"name":"Home","item":"https:\/\/www.eme.de\/de\/"},{"@type":"ListItem","position":2,"name":"NACHHALTIGKEIT"}]},{"@type":"WebSite","@id":"https:\/\/www.eme.de\/de\/#website","url":"https:\/\/www.eme.de\/de\/","name":"EME","description":"","potentialAction":[{"@type":"SearchAction","target":{"@type":"EntryPoint","urlTemplate":"https:\/\/www.eme.de\/de\/?s={search_term_string}"},"query-input":{"@type":"PropertyValueSpecification","valueRequired":true,"valueName":"search_term_string"}}],"inLanguage":"de"}]}},"_links":{"self":[{"href":"https:\/\/www.eme.de\/de\/wp-json\/wp\/v2\/pages\/4963","targetHints":{"allow":["GET"]}}],"collection":[{"href":"https:\/\/www.eme.de\/de\/wp-json\/wp\/v2\/pages"}],"about":[{"href":"https:\/\/www.eme.de\/de\/wp-json\/wp\/v2\/types\/page"}],"author":[{"embeddable":true,"href":"https:\/\/www.eme.de\/de\/wp-json\/wp\/v2\/users\/1"}],"replies":[{"embeddable":true,"href":"https:\/\/www.eme.de\/de\/wp-json\/wp\/v2\/comments?post=4963"}],"version-history":[{"count":5,"href":"https:\/\/www.eme.de\/de\/wp-json\/wp\/v2\/pages\/4963\/revisions"}],"predecessor-version":[{"id":6558,"href":"https:\/\/www.eme.de\/de\/wp-json\/wp\/v2\/pages\/4963\/revisions\/6558"}],"wp:attachment":[{"href":"https:\/\/www.eme.de\/de\/wp-json\/wp\/v2\/media?parent=4963"}],"curies":[{"name":"wp","href":"https:\/\/api.w.org\/{rel}","templated":true}]}}